{"id":2981,"date":"2020-11-27T11:00:15","date_gmt":"2020-11-27T11:00:15","guid":{"rendered":"https:\/\/dev3.mathlynder.com\/?page_id=2981"},"modified":"2020-12-08T10:04:31","modified_gmt":"2020-12-08T10:04:31","slug":"electrostimulation","status":"publish","type":"page","link":"https:\/\/old.5touches.com\/en\/electrostimulation\/","title":{"rendered":"Electrostimulation"},"content":{"rendered":"<section class=\"l-section wpb_row us_custom_6df4bc3a has_text_color height_large with_img with_video with_shape\"><div class=\"l-section-img\" role=\"img\" data-img-width=\"1600\" data-img-height=\"748\" style=\"background-image: url(https:\/\/old.5touches.com\/wp-content\/uploads\/2020\/10\/ems-cover-background.jpg);background-repeat: no-repeat;\"><\/div><div class=\"l-section-video\"><video muted loop autoplay playsinline preload=\"auto\"><source type=\"video\/mp4\" src=\"\/wp-content\/uploads\/2020\/10\/video-background-ems-5touches-nm.mp4\" \/><\/video><\/div><div class=\"l-section-overlay\" style=\"background:rgba(67,156,47,0.6)\"><\/div><div class=\"l-section-shape type_curve pos_bottom on_front\" style=\"height:5vh;\"><svg xmlns=\"http:\/\/www.w3.org\/2000\/svg\" viewbox=\"0 0 64 8\" preserveaspectratio=\"none\" width=\"100%\" height=\"100%\">\r\n\t<path fill=\"currentColor\" d=\"M64 8 L64 0 Q32 15.8 0 0 L0 8 Z\"\/>\r\n<\/svg><\/div><div class=\"l-section-h i-cf\"><div class=\"g-cols vc_row via_flex valign_bottom type_default stacking_default\"><div class=\"vc_col-sm-12 wpb_column vc_column_container has_text_color\"><div class=\"vc_column-inner us_custom_076853fe\"><div class=\"wpb_wrapper\"><div class=\"wpb_text_column\"><div class=\"wpb_wrapper\"><h1 style=\"text-align: center;\">Electrostimulation musculaire<\/h1>\n<\/div><\/div><div class=\"wpb_text_column\"><div class=\"wpb_wrapper\"><div class=\"page\" title=\"Page 1\">\n<div class=\"section\">\n<div class=\"layoutArea\">\n<div class=\"column\">\n<p style=\"text-align: center;\">Electrostimulation for muscles (EMS) training sessions at home (in Paris).<\/p>\n<\/div>\n<\/div>\n<\/div>\n<\/div>\n<\/div><\/div><div class=\"w-separator size_small with_line width_30 thick_2 style_solid color_primary align_center with_content\"><div class=\"w-separator-h\"><i class=\"material-icons\">keyboard_arrow_down<\/i><\/div><\/div><\/div><\/div><\/div><\/div><\/div><\/section><section class=\"l-section wpb_row us_custom_92156551 height_auto\"><div class=\"l-section-h i-cf\"><div class=\"g-cols vc_row via_flex valign_top type_default stacking_default\"><div class=\"vc_col-sm-6 wpb_column vc_column_container\"><div class=\"vc_column-inner\"><div class=\"wpb_wrapper\"><div class=\"wpb_text_column\"><div class=\"wpb_wrapper\"><h2>EMS Training<\/h2>\n<\/div><\/div><div class=\"w-separator size_small with_line width_default thick_1 style_solid color_primary align_center\"><div class=\"w-separator-h\"><\/div><\/div><div class=\"wpb_text_column\"><div class=\"wpb_wrapper\"><div class=\"page\" title=\"Page 1\">\n<div class=\"section\">\n<div class=\"layoutArea\">\n<div class=\"column\">\n<p>Nathalie has been using electro stimulation of muscles for her personal training as well as for her clients, since 2014. Nowadays she is an ambassador of this method. 5Touches proposes a tailored follow up for anyone who wishes to sculpt the body with this new excellent technology.<\/p>\n<\/div>\n<\/div>\n<\/div>\n<\/div>\n<\/div><\/div><div class=\"uavc-list-icon uavc-list-icon-wrapper ult-adjust-bottom-margin   vc_custom_1584478751476  vc_custom_1584478751476\"><ul class=\"uavc-list\"><li><div class=\"uavc-list-content\" id=\"list-icon-wrap-2688\">\n<div class=\"uavc-list-icon\" data-animation=\"\" data-animation-delay=\"03\" style=\"margin-right:12px;\"><div class=\"ult-just-icon-wrapper\"><div class=\"align-icon\" style=\"text-align:center;\">\n<div class=\"aio-icon none\"  style=\"color:#cc9966;font-size:14px;display:inline-block;\">\n\t<i class=\"Defaults-circle\"><\/i>\n<\/div><\/div><\/div>\n<\/div><span  data-ultimate-target='#list-icon-wrap-2688 .uavc-list-desc'  data-responsive-json-new='{\"font-size\":\"\",\"line-height\":\"\"}'  class=\"uavc-list-desc ult-responsive\" style=\"\">The service works in Paris and the nearby<\/span><\/div><\/li><li><div class=\"uavc-list-content\" id=\"list-icon-wrap-1053\">\n<div class=\"uavc-list-icon\" data-animation=\"\" data-animation-delay=\"03\" style=\"margin-right:12px;\"><div class=\"ult-just-icon-wrapper\"><div class=\"align-icon\" style=\"text-align:center;\">\n<div class=\"aio-icon none\"  style=\"color:#cc9966;font-size:14px;display:inline-block;\">\n\t<i class=\"Defaults-circle\"><\/i>\n<\/div><\/div><\/div>\n<\/div><span  data-ultimate-target='#list-icon-wrap-1053 .uavc-list-desc'  data-responsive-json-new='{\"font-size\":\"\",\"line-height\":\"\"}'  class=\"uavc-list-desc ult-responsive\" style=\"\">Sessions take place at your home<\/span><\/div><\/li><li><div class=\"uavc-list-content\" id=\"list-icon-wrap-3395\">\n<div class=\"uavc-list-icon\" data-animation=\"\" data-animation-delay=\"03\" style=\"margin-right:12px;\"><div class=\"ult-just-icon-wrapper\"><div class=\"align-icon\" style=\"text-align:center;\">\n<div class=\"aio-icon none\"  style=\"color:#cc9966;font-size:14px;display:inline-block;\">\n\t<i class=\"Defaults-circle\"><\/i>\n<\/div><\/div><\/div>\n<\/div><span  data-ultimate-target='#list-icon-wrap-3395 .uavc-list-desc'  data-responsive-json-new='{\"font-size\":\"\",\"line-height\":\"\"}'  class=\"uavc-list-desc ult-responsive\" style=\"\">Trial session lasts 30min<\/span><\/div><\/li><li><div class=\"uavc-list-content\" id=\"list-icon-wrap-4455\">\n<div class=\"uavc-list-icon\" data-animation=\"\" data-animation-delay=\"03\" style=\"margin-right:12px;\"><div class=\"ult-just-icon-wrapper\"><div class=\"align-icon\" style=\"text-align:center;\">\n<div class=\"aio-icon none\"  style=\"color:#cc9966;font-size:14px;display:inline-block;\">\n\t<i class=\"Defaults-circle\"><\/i>\n<\/div><\/div><\/div>\n<\/div><span  data-ultimate-target='#list-icon-wrap-4455 .uavc-list-desc'  data-responsive-json-new='{\"font-size\":\"\",\"line-height\":\"\"}'  class=\"uavc-list-desc ult-responsive\" style=\"\">Personalized assessment and follow-up, designed together with the client<\/span><\/div><\/li><li><div class=\"uavc-list-content\" id=\"list-icon-wrap-1938\">\n<div class=\"uavc-list-icon\" data-animation=\"\" data-animation-delay=\"03\" style=\"margin-right:12px;\"><div class=\"ult-just-icon-wrapper\"><div class=\"align-icon\" style=\"text-align:center;\">\n<div class=\"aio-icon none\"  style=\"color:#cc9966;font-size:14px;display:inline-block;\">\n\t<i class=\"Defaults-circle\"><\/i>\n<\/div><\/div><\/div>\n<\/div><span  data-ultimate-target='#list-icon-wrap-1938 .uavc-list-desc'  data-responsive-json-new='{\"font-size\":\"\",\"line-height\":\"\"}'  class=\"uavc-list-desc ult-responsive\" style=\"\">Duration of the class: 1 hour (warm-up, specific workout and recovery)<\/p>\n<\/span><\/div><\/li><li><div class=\"uavc-list-content\" id=\"list-icon-wrap-6787\">\n<div class=\"uavc-list-icon\" data-animation=\"\" data-animation-delay=\"03\" style=\"margin-right:12px;\"><div class=\"ult-just-icon-wrapper\"><div class=\"align-icon\" style=\"text-align:center;\">\n<div class=\"aio-icon none\"  style=\"color:#cc9966;font-size:14px;display:inline-block;\">\n\t<i class=\"Defaults-circle\"><\/i>\n<\/div><\/div><\/div>\n<\/div><span  data-ultimate-target='#list-icon-wrap-6787 .uavc-list-desc'  data-responsive-json-new='{\"font-size\":\"\",\"line-height\":\"\"}'  class=\"uavc-list-desc ult-responsive\" style=\"\">A minimum of 2 sessions per week are highly recommended for faster results.<\/span><\/div><\/li><\/ul><\/div><div class=\"w-popup w-btn-wrapper align_none\"><button aria-label=\"Read more...\" class=\"w-popup-trigger type_btn w-btn us-btn-style_2\"><span class=\"w-btn-label\">Read more...<\/span><\/button><div class=\"w-popup-overlay\" style=\"background:rgba(0,0,0,0.20);\"><\/div><div class=\"w-popup-wrap\" style=\"--title-color:var(--color-content-heading);--title-bg-color:#cc9966;--content-color:var(--color-content-text);--content-bg-color:var(--color-content-bg)\"><div class=\"w-popup-box animation_fadeIn closerpos_outside with_title\" style=\"width:70%;\"><div class=\"w-popup-box-h\"><div class=\"w-popup-box-title\">Technical details<\/div><div class=\"w-popup-box-content\" style=\"padding:5%;\"><div class=\"page\" title=\"Page 1\">\n<div class=\"section\">\n<div class=\"layoutArea\">\n<div class=\"column\">\n<p><strong>THE TECHNINCS :<\/strong><\/p>\n<p>Intended for the whole body, painless low frequency impulses allow your muscles to work dynamically. This type of training multiplies by 18 the results obtained with simple classic weights, without any risk of muscular stress.<\/p>\n<p><strong>THE WIEMSPRO METHOD :<\/strong><\/p>\n<p>The outfit : It is composed of a full body uniform and extra electrodes for arms and eventually calves. A generator is related to an iPad via Bluetooth. This super advanced technology, receives and transmits ultra-precise contractile informations to muscles, via 18 to 20 conductive patches, placed on the quadriceps and ischio-leg, gluteal, abdominal, dorsal (trapezius, large back and lumbar), pectoral, biceps and triceps areas. A multitude of agonist and antagonist muscles are thus electro stimulated on demand by low-frequency impulses and more than 300 of them are solicited in a single session!<\/p>\n<\/div>\n<\/div>\n<\/div>\n<\/div>\n<\/div><\/div><\/div><div class=\"w-popup-closer\"><\/div><\/div><\/div><\/div><\/div><\/div><div class=\"vc_col-sm-6 wpb_column vc_column_container\"><div class=\"vc_column-inner\"><div class=\"wpb_wrapper\"><div class=\"wpb_text_column\"><div class=\"wpb_wrapper\"><div id=\"wpfp_906d33106afdc72d3e017ab4b7ec133c\" data-item=\"{&quot;sources&quot;:[{&quot;src&quot;:&quot;https:\\\/\\\/old.5touches.com\\\/wp-content\\\/uploads\\\/2020\\\/11\\\/EMS-Presentation-by-NM-ipad1.mp4&quot;,&quot;type&quot;:&quot;video\\\/mp4&quot;}],&quot;id&quot;:&quot;1&quot;,&quot;splash&quot;:&quot;https:\\\/\\\/old.5touches.com\\\/wp-content\\\/uploads\\\/2020\\\/11\\\/thumbnail-ems-presentation-by-nm.png&quot;}\" class=\"flowplayer no-brand is-splash is-paused skin-slim no-svg fp-slim fp-edgy\" style=\"position:relative; max-width: 640px; max-height: 360px; \" data-ratio=\"0.5625\">\n\t<div class=\"fp-ratio\" style=\"padding-top: 56.25%\"><\/div>\n\t<img class=\"fp-splash\" alt=\"video\" src=\"https:\/\/old.5touches.com\/wp-content\/uploads\/2020\/11\/thumbnail-ems-presentation-by-nm.png\" style=\"position:absolute;top:0;width:100%\" \/>\n\t<div class=\"fp-ui\"><noscript>Please enable JavaScript<\/noscript><div class=\"fp-play fp-visible\"><svg class=\"fp-play-sharp-fill\" xmlns=\"http:\/\/www.w3.org\/2000\/svg\" viewbox=\"0 0 100 100\"><defs><style>.fp-color-play{opacity:0.65;}.controlbutton{fill:#fff;}<\/style><\/defs><title>play-sharp-fill<\/title><path class=\"fp-color-play\" d=\"M49.9217-.078a50,50,0,1,0,50,50A50.0564,50.0564,0,0,0,49.9217-.078Z\"\/><polygon class=\"controlbutton\" points=\"73.601 50 37.968 70.573 37.968 29.427 73.601 50\" filter=\"url(#f1)\"\/><\/svg><\/div><div class=\"fp-preload\"><b><\/b><b><\/b><b><\/b><b><\/b><\/div><\/div>\n\n<\/div>\n\n<\/div><\/div><\/div><\/div><\/div><\/div><\/div><\/section><section class=\"l-section wpb_row us_custom_4345d5d1 height_auto\"><div class=\"l-section-h i-cf\"><div class=\"g-cols vc_row via_flex valign_top type_default stacking_default\"><div class=\"vc_col-sm-6 wpb_column vc_column_container has_bg_color\"><div class=\"vc_column-inner us_custom_b14a2415\"><div class=\"wpb_wrapper\"><div class=\"wpb_text_column\"><div class=\"wpb_wrapper\"><div class=\"page\" title=\"Page 1\">\n<div class=\"section\">\n<div class=\"layoutArea\">\n<div class=\"column\">\n<h3>THE BENEFITS<\/h3>\n<p>What is good for top athletes, it is also good for amateurs.<\/p>\n<ul>\n<li>A fat mass and cellulite significant reduction.<\/li>\n<li>Increase of strength and endurance, better mobility, relief of backache.<\/li>\n<li>Better recovery: blood circulation is increased, elimination of toxins.<\/li>\n<li>Gain energy for daily efforts.<\/li>\n<li>Save time for lasting results and a sculpted and healthy body.<\/li>\n<\/ul>\n<\/div>\n<\/div>\n<\/div>\n<\/div>\n<\/div><\/div><\/div><\/div><\/div><div class=\"vc_col-sm-6 wpb_column vc_column_container has_bg_color\"><div class=\"vc_column-inner us_custom_840a3d57\"><div class=\"wpb_wrapper\"><div class=\"wpb_text_column\"><div class=\"wpb_wrapper\"><div class=\"page\" title=\"Page 1\">\n<div class=\"section\">\n<div class=\"layoutArea\">\n<div class=\"column\">\n<h3>THE 5TOUCHES TEAM<\/h3>\n<p>Nathalie has been coaching and training her clients with the EMS method since 2014. She develops her clientele in the Paris region with the help of her experts in fitness, yoga and functional training, recruited and trained to guarantee the excellence she requires for her personal goals as a professional athlete.<\/p>\n<p>Until the Olympic Games of Tokyo 2021, Nathalie\u2019s schedule depends on the International competition calendar that can vary her availability during the year. Her two assistants are here to guarantee the follow up from beginning to end.<\/p>\n<\/div>\n<\/div>\n<\/div>\n<\/div>\n<\/div><\/div><div class=\"g-cols wpb_row us_custom_86683b9c via_flex valign_top type_default stacking_default\"><div class=\"vc_col-sm-6 wpb_column vc_column_container\"><div class=\"vc_column-inner\"><div class=\"wpb_wrapper\"><div class=\"w-iconbox iconpos_left style_default color_primary align_left icontype_img\"><div class=\"w-iconbox-icon\" style=\"font-size:6em;\"><img width=\"175\" height=\"174\" src=\"https:\/\/old.5touches.com\/wp-content\/uploads\/2020\/11\/nathalie-moellhausen-portrait-bw.png\" class=\"attachment-full size-full\" alt=\"\" decoding=\"async\" loading=\"lazy\" srcset=\"https:\/\/old.5touches.com\/wp-content\/uploads\/2020\/11\/nathalie-moellhausen-portrait-bw.png 175w, https:\/\/old.5touches.com\/wp-content\/uploads\/2020\/11\/nathalie-moellhausen-portrait-bw-150x150.png 150w, https:\/\/old.5touches.com\/wp-content\/uploads\/2020\/11\/nathalie-moellhausen-portrait-bw-12x12.png 12w\" sizes=\"(max-width: 175px) 100vw, 175px\" \/><\/div><div class=\"w-iconbox-meta\"><h4 class=\"w-iconbox-title\">Nathalie<\/h4><div class=\"w-iconbox-text\"><p><strong>Nathalie<\/strong><br \/>\nWorld-Class Champion in Fencing 2019 and EMS coach<\/p>\n<\/div><\/div><\/div><\/div><\/div><\/div><div class=\"vc_col-sm-6 wpb_column vc_column_container\"><div class=\"vc_column-inner\"><div class=\"wpb_wrapper\"><div class=\"w-iconbox iconpos_left style_default color_primary align_left icontype_img\"><div class=\"w-iconbox-icon\" style=\"font-size:6em;\"><img width=\"175\" height=\"174\" src=\"https:\/\/old.5touches.com\/wp-content\/uploads\/2020\/11\/monia-round-bw.png\" class=\"attachment-full size-full\" alt=\"\" decoding=\"async\" loading=\"lazy\" srcset=\"https:\/\/old.5touches.com\/wp-content\/uploads\/2020\/11\/monia-round-bw.png 175w, https:\/\/old.5touches.com\/wp-content\/uploads\/2020\/11\/monia-round-bw-150x150.png 150w, https:\/\/old.5touches.com\/wp-content\/uploads\/2020\/11\/monia-round-bw-12x12.png 12w\" sizes=\"(max-width: 175px) 100vw, 175px\" \/><\/div><div class=\"w-iconbox-meta\"><h4 class=\"w-iconbox-title\">Monia<\/h4><div class=\"w-iconbox-text\"><p><strong>Monia<\/strong><br \/>\nTeacher in Hatha yoga, fitness and EMS coach.<\/p>\n<\/div><\/div><\/div><\/div><\/div><\/div><\/div><\/div><\/div><\/div><\/div><\/div><\/section><section class=\"l-section wpb_row us_custom_4345d5d1 height_auto\"><div class=\"l-section-h i-cf\"><div class=\"g-cols vc_row via_flex valign_top type_default stacking_default\"><div class=\"vc_col-sm-3 wpb_column vc_column_container\"><div class=\"vc_column-inner\"><div class=\"wpb_wrapper\"><\/div><\/div><\/div><div class=\"vc_col-sm-6 wpb_column vc_column_container has_bg_color\"><div class=\"vc_column-inner us_custom_5a01e84f\"><div class=\"wpb_wrapper\"><div class=\"wpb_text_column\"><div class=\"wpb_wrapper\"><h3 style=\"text-align: center;\">Sanitary Measures<\/h3>\n<\/div><\/div><div class=\"wpb_text_column us_custom_5c07cc07\"><div class=\"wpb_wrapper\"><p style=\"text-align: center;\">Given the current context of the Covid-19 pandemic, the 5Touches team respects the most basic prevention measures such as barrier gestures (wearing a mask, safety distance and regular disinfection of hands and equipment tools) and prefer spaces which can be ventilated.<\/p>\n<\/div><\/div><\/div><\/div><\/div><div class=\"vc_col-sm-3 wpb_column vc_column_container\"><div class=\"vc_column-inner\"><div class=\"wpb_wrapper\"><\/div><\/div><\/div><\/div><\/div><\/section><section class=\"l-section wpb_row us_custom_4043eeae height_auto\"><div class=\"l-section-h i-cf\"><div class=\"g-cols vc_row via_flex valign_top type_default stacking_default\"><div class=\"vc_col-sm-12 wpb_column vc_column_container\"><div class=\"vc_column-inner\"><div class=\"wpb_wrapper\"><div class=\"wpb_text_column\"><div class=\"wpb_wrapper\"><h2 style=\"text-align: center;\">Book now<\/h2>\n<\/div><\/div><div class=\"w-separator size_small with_line width_30 thick_1 style_solid color_primary align_center with_content\"><div class=\"w-separator-h\"><i class=\"material-icons\">keyboard_arrow_down<\/i><\/div><\/div><div class=\"wpb_text_column\"><div class=\"wpb_wrapper\"><p style=\"text-align: center;\">[booknetic theme=8 category=14 staff=1]<\/p>\n<\/div><\/div><\/div><\/div><\/div><\/div><\/div><\/section><section class=\"l-section wpb_row us_custom_9da4a7d2 height_auto with_img\"><div class=\"l-section-img\" role=\"img\" data-img-width=\"1600\" data-img-height=\"900\" style=\"background-image: url(https:\/\/old.5touches.com\/wp-content\/uploads\/2019\/11\/fond-vert-blanc.jpg);background-repeat: no-repeat;\"><\/div><div class=\"l-section-h i-cf\"><div class=\"g-cols vc_row via_flex valign_top type_default stacking_default\"><div class=\"vc_col-sm-12 wpb_column vc_column_container\"><div class=\"vc_column-inner\"><div class=\"wpb_wrapper\"><div class=\"g-cols wpb_row us_custom_218e785a via_flex valign_top type_default stacking_default\"><div class=\"vc_col-sm-3 wpb_column vc_column_container has_bg_color\"><div class=\"vc_column-inner us_custom_5779a6c5\"><div class=\"wpb_wrapper\"><\/div><\/div><\/div><div class=\"vc_col-sm-6 wpb_column vc_column_container has_bg_color\"><div class=\"vc_column-inner us_custom_7ffac451\"><div class=\"wpb_wrapper\"><div class=\"wpb_text_column\"><div class=\"wpb_wrapper\"><h2 style=\"text-align: center;\">Contact Us<\/h2>\n<\/div><\/div><div class=\"wpb_text_column us_custom_98818afa\"><div class=\"wpb_wrapper\"><p style=\"text-align: center;\">For further informations about 5Touches concept and its events and services, contact us now via our form.<\/p>\n<\/div><\/div><div class=\"w-popup w-btn-wrapper align_center\"><button aria-label=\"Contact\" class=\"w-popup-trigger type_btn w-btn us-btn-style_2\"><span class=\"w-btn-label\">Contact<\/span><\/button><div class=\"w-popup-overlay\" style=\"background:rgba(0,0,0,0.30);\"><\/div><div class=\"w-popup-wrap\" style=\"--title-color:var(--color-content-heading);--title-bg-color:var(--color-content-primary);--content-color:var(--color-content-text);--content-bg-color:var(--color-content-bg)\"><div class=\"w-popup-box animation_fadeIn closerpos_outside with_title\" style=\"width:600px;\"><div class=\"w-popup-box-h\"><div class=\"w-popup-box-title\">Contact<\/div><div class=\"w-popup-box-content\" style=\"padding:5%;\"><p style=\"text-align: center;\">\n<div class=\"wpcf7 no-js\" id=\"wpcf7-f7-o1\" lang=\"fr-FR\" dir=\"ltr\">\n<div class=\"screen-reader-response\"><p role=\"status\" aria-live=\"polite\" aria-atomic=\"true\"><\/p> <ul><\/ul><\/div>\n<form action=\"\/en\/wp-json\/wp\/v2\/pages\/2981#wpcf7-f7-o1\" method=\"post\" class=\"wpcf7-form init\" aria-label=\"Formulaire de contact\" novalidate=\"novalidate\" data-status=\"init\" data-trp-original-action=\"\/en\/wp-json\/wp\/v2\/pages\/2981#wpcf7-f7-o1\">\n<div style=\"display: none;\">\n<input type=\"hidden\" name=\"_wpcf7\" value=\"7\" \/>\n<input type=\"hidden\" name=\"_wpcf7_version\" value=\"5.8\" \/>\n<input type=\"hidden\" name=\"_wpcf7_locale\" value=\"fr_FR\" \/>\n<input type=\"hidden\" name=\"_wpcf7_unit_tag\" value=\"wpcf7-f7-o1\" \/>\n<input type=\"hidden\" name=\"_wpcf7_container_post\" value=\"0\" \/>\n<input type=\"hidden\" name=\"_wpcf7_posted_data_hash\" value=\"\" \/>\n<\/div>\n<p><label> Your name<br \/>\n<span class=\"wpcf7-form-control-wrap\" data-name=\"your-name\"><input size=\"40\" class=\"wpcf7-form-control wpcf7-text wpcf7-validates-as-required\" aria-required=\"true\" aria-invalid=\"false\" value=\"\" type=\"text\" name=\"your-name\" \/><\/span> <\/label>\n<\/p>\n<p><label> Your email<br \/>\n<span class=\"wpcf7-form-control-wrap\" data-name=\"your-email\"><input size=\"40\" class=\"wpcf7-form-control wpcf7-email wpcf7-validates-as-required wpcf7-text wpcf7-validates-as-email\" aria-required=\"true\" aria-invalid=\"false\" value=\"\" type=\"email\" name=\"your-email\" \/><\/span> <\/label>\n<\/p>\n<p><label> Your message<br \/>\n<span class=\"wpcf7-form-control-wrap\" data-name=\"your-message\"><textarea cols=\"40\" rows=\"10\" class=\"wpcf7-form-control wpcf7-textarea wpcf7-validates-as-required\" aria-required=\"true\" aria-invalid=\"false\" name=\"your-message\"><\/textarea><\/span> <\/label>\n<\/p>\n<p><span class=\"wpcf7-form-control-wrap\" data-name=\"gprd-checkbox\"><span class=\"wpcf7-form-control wpcf7-checkbox wpcf7-validates-as-required\"><span class=\"wpcf7-list-item first last\"><input type=\"checkbox\" name=\"gprd-checkbox[]\" value=\"En envoyant vos informations vous acceptez que celles-ci soient enregistr\u00e9es et trait\u00e9es dans le cadre stricte de votre relation commerciale avec l&#039;entreprise 5Touches, conform\u00e9ment \u00e0 notre Politique de confidentialit\u00e9.\" \/><span class=\"wpcf7-list-item-label\">By completing this form you fully accept the sending of your informations to the 5Touches society only, in agreement with EU GPRD and 5Touches Privacy Policy completion.<\/span><\/span><\/span><\/span>\n<\/p>\n<p><input class=\"wpcf7-form-control wpcf7-submit has-spinner\" type=\"submit\" value=\"Send\" \/>\n<\/p><div class=\"wpcf7-response-output\" aria-hidden=\"true\"><\/div>\n<input type=\"hidden\" name=\"trp-form-language\" value=\"en\"\/><\/form>\n<\/div>\n<\/div><\/div><\/div><div class=\"w-popup-closer\"><\/div><\/div><\/div><\/div><\/div><\/div><div class=\"vc_col-sm-3 wpb_column vc_column_container has_bg_color\"><div class=\"vc_column-inner us_custom_5779a6c5\"><div class=\"wpb_wrapper\"><\/div><\/div><\/div><\/div><\/div><\/div><\/div><\/div><\/div><\/section>","protected":false},"excerpt":{"rendered":"Electrostimulation musculaire Cours d\u02bcentrainement EMS \u00e0 domicile (Paris) keyboard_arrow_downEMS Training Depuis 2014 dans l\u02bcelectro-stimulation, Nathalie est d\u00e9sormais une ambassadrice de cette m\u00e9thode. 5Touches propose un suivi d\u02bcexcellence et \u00e9tudi\u00e9 sur mesure, quelque soit votre niveau sportif. Les s\u00e9ances ont lieu \u00e0 Paris et alentours Les s\u00e9ances se font \u00e0 votre domicile S\u00e9ance d'essai \u00e0 domicile...","protected":false},"author":2,"featured_media":0,"parent":0,"menu_order":0,"comment_status":"closed","ping_status":"closed","template":"","meta":{"footnotes":""},"_links":{"self":[{"href":"https:\/\/old.5touches.com\/en\/wp-json\/wp\/v2\/pages\/2981"}],"collection":[{"href":"https:\/\/old.5touches.com\/en\/wp-json\/wp\/v2\/pages"}],"about":[{"href":"https:\/\/old.5touches.com\/en\/wp-json\/wp\/v2\/types\/page"}],"author":[{"embeddable":true,"href":"https:\/\/old.5touches.com\/en\/wp-json\/wp\/v2\/users\/2"}],"replies":[{"embeddable":true,"href":"https:\/\/old.5touches.com\/en\/wp-json\/wp\/v2\/comments?post=2981"}],"version-history":[{"count":26,"href":"https:\/\/old.5touches.com\/en\/wp-json\/wp\/v2\/pages\/2981\/revisions"}],"predecessor-version":[{"id":3082,"href":"https:\/\/old.5touches.com\/en\/wp-json\/wp\/v2\/pages\/2981\/revisions\/3082"}],"wp:attachment":[{"href":"https:\/\/old.5touches.com\/en\/wp-json\/wp\/v2\/media?parent=2981"}],"curies":[{"name":"wp","href":"https:\/\/api.w.org\/{rel}","templated":true}]}}