{"id":2983,"date":"2020-11-27T12:40:09","date_gmt":"2020-11-27T12:40:09","guid":{"rendered":"https:\/\/dev3.mathlynder.com\/?page_id=2983"},"modified":"2020-12-08T09:58:57","modified_gmt":"2020-12-08T09:58:57","slug":"nathalie-moellhausen","status":"publish","type":"page","link":"https:\/\/old.5touches.com\/en\/nathalie-moellhausen\/","title":{"rendered":"Nathalie Moellhausen"},"content":{"rendered":"<section class=\"l-section wpb_row us_custom_fb035636 height_huge with_img parallax_ver\"><div class=\"l-section-img\" role=\"img\" data-img-width=\"1920\" data-img-height=\"1280\" style=\"background-image: url(https:\/\/old.5touches.com\/wp-content\/uploads\/2020\/05\/presentation-nathalie.jpg);background-repeat: no-repeat;\"><\/div><div class=\"l-section-h i-cf\"><div class=\"g-cols vc_row via_flex valign_middle type_default stacking_default\"><div class=\"vc_col-sm-12 wpb_column vc_column_container\"><div class=\"vc_column-inner\"><div class=\"wpb_wrapper\"><div class=\"g-cols wpb_row via_flex valign_top type_default stacking_default\"><div class=\"vc_col-sm-6 vc_hidden-xs wpb_column vc_column_container has_bg_color\"><div class=\"vc_column-inner us_custom_d93a7585\"><div class=\"wpb_wrapper\"><div class=\"wpb_text_column\"><div class=\"wpb_wrapper\"><h1><span style=\"color: #bd975c;\">Nathalie Moellhausen<\/span><\/h1>\n<\/div><\/div><div class=\"wpb_text_column\"><div class=\"wpb_wrapper\"><p>Nathalie is a multiple woman: passionate, determined and enriched by different cultures. She shares her vision and her varied experiences which have forged her to maintain a balanced lifestyle.<span class=\"Apple-converted-space\">\u00a0<\/span><\/p>\n<\/div><\/div><\/div><\/div><\/div><div class=\"vc_col-sm-6 wpb_column vc_column_container\"><div class=\"vc_column-inner\"><div class=\"wpb_wrapper\"><\/div><\/div><\/div><\/div><\/div><\/div><\/div><\/div><\/div><\/section><section class=\"l-section wpb_row height_small\"><div class=\"l-section-overlay\" style=\"background:rgba(255,255,255,0.6)\"><\/div><div class=\"l-section-h i-cf\"><div class=\"g-cols vc_row via_flex valign_middle type_boxes stacking_default\"><div class=\"vc_col-sm-12 wpb_column vc_column_container\"><div class=\"vc_column-inner\"><div class=\"wpb_wrapper\"><div class=\"g-cols wpb_row via_flex valign_top type_default stacking_default\"><div class=\"vc_col-sm-6 wpb_column vc_column_container\"><div class=\"vc_column-inner\"><div class=\"wpb_wrapper\"><div class=\"wpb_text_column\"><div class=\"wpb_wrapper\"><p>Born in Milan, from a Brazilian mother and an Italian\/German father, Nathalie grew up in Italy and is fluent in Italian, Portuguese, French, English and Spanish.<br \/>\nAt 20 years old, she moved to Paris to learn French fencing technics and took the opportunity to study philosophy at the Sorbonne University. She never forget her <em>golden dreams<\/em> : become a world champion in fencing.<span class=\"Apple-converted-space\">\u00a0<\/span><\/p>\n<p>Nathalie represented the Italian team until 2012. She was World Champion by team in 2009 and bronze medalist in the individual event in 2010.<\/p>\n<p>In 2014, she decides to embrace her mother's legacy and represent Brazil, her second country. After 5 years, she achieved her goal by winning the individual gold medal at the 2019 Budapest World Championships and made history in fencing.<span class=\"Apple-converted-space\">\u00a0<\/span><\/p>\n<p>Continuing her sport career, Nathalie created her own artistic project, in which she transmits a new image of fencing throughout the world.<\/p>\n<p>Nathalie is currently qualified for Olympic Games of Tokyo 2020. She actually spends her time between trainings and d\u00e9veloppement of her plateforme 5Touches.<\/p>\n<\/div><\/div><\/div><\/div><\/div><div class=\"vc_col-sm-6 wpb_column vc_column_container\"><div class=\"vc_column-inner\"><div class=\"wpb_wrapper\"><div class=\"wpb_text_column\"><div class=\"wpb_wrapper\"><p>In parallel, Nathalie has lent her artistic expertise to numerous events.<span class=\"Apple-converted-space\">\u00a0<\/span><\/p>\n<p>First of all, she conceived and directed the Opening Ceremony of the World Fencing Championship at the Grand Palais of Paris, in 2010.<span class=\"Apple-converted-space\">\u00a0<\/span><\/p>\n<p>Then, in 2013, she directed the prestigious 100th Anniversary Gala of the International Fencing Federation (FIE100), at the Grand Palais of Paris.<span class=\"Apple-converted-space\">\u00a0<\/span><\/p>\n<p>Last but not least, she was selected a second time to be the Artistic Director of the FIE105 Anniversary Gala in 2018, again at the Grand Palais of Paris.<span class=\"Apple-converted-space\">\u00a0<\/span><\/p>\n<p>These events were the most significant expressions of Nathalie's artistic vision. She mixes the sport of fencing together with other fields such as fine art, dance, fashion, music, cinema and gastronomy.<span class=\"Apple-converted-space\">\u00a0<\/span><\/p>\n<p>In 2017, Nathalie decided to combine all her artistic projects to create her personal brand 5touches.<\/p>\n<\/div><\/div><\/div><\/div><\/div><\/div><\/div><\/div><\/div><\/div><\/div><\/section><section class=\"l-section wpb_row height_huge with_img parallax_ver\"><div class=\"l-section-img\" role=\"img\" data-img-width=\"1921\" data-img-height=\"1047\" style=\"background-image: url(https:\/\/old.5touches.com\/wp-content\/uploads\/2019\/10\/back-black-5touches.jpg);background-repeat: no-repeat;\"><\/div><div class=\"l-section-h i-cf\"><div class=\"g-cols vc_row via_flex valign_middle type_default stacking_default\"><div class=\"vc_col-sm-3 wpb_column vc_column_container\"><div class=\"vc_column-inner\"><div class=\"wpb_wrapper\"><\/div><\/div><\/div><div class=\"vc_col-sm-6 wpb_column vc_column_container\"><div class=\"vc_column-inner\"><div class=\"wpb_wrapper\"><div class=\"wpb_text_column us_custom_9ea9246e has_text_color\"><div class=\"wpb_wrapper\"><p style=\"text-align: center;\"><strong>5Touches explores Nathalie\u2019s 5 fields of inspiration, offering artistic consulting for your event, mental and physical follow up, culinary tips and an online boutique with accessories, design objects, sportswear and training equipment inspired by fencing.<\/strong><\/p>\n<\/div><\/div><div class=\"w-btn-wrapper align_center\"><a class=\"w-btn us-btn-style_1\" title=\"5Touches Landing Page\" href=\"https:\/\/5touches.com\/\"><span class=\"w-btn-label\">See the universes<\/span><\/a><\/div><\/div><\/div><\/div><div class=\"vc_col-sm-3 wpb_column vc_column_container\"><div class=\"vc_column-inner\"><div class=\"wpb_wrapper\"><\/div><\/div><\/div><\/div><\/div><\/section>","protected":false},"excerpt":{"rendered":"Nathalie Moellhausen Nathalie est une femme multiple : passionn\u00e9e, d\u00e9termin\u00e9e et enrichie de cultures diff\u00e9rentes. Elle partage sa vision et ses exp\u00e9riences vari\u00e9es qui l\u2019ont forg\u00e9e et maintenue dans l&rsquo;axe d\u2019une vie \u00e9quilibr\u00e9e.\u00a0 N\u00e9e \u00e0 Milan, d\u2019une m\u00e8re br\u00e9silienne et d\u2019un p\u00e8re italo-allemand, Nathalie grandit en Italie. Elle parle couramment l&rsquo;italien, le portugais, le fran\u00e7ais,...","protected":false},"author":2,"featured_media":0,"parent":0,"menu_order":0,"comment_status":"closed","ping_status":"closed","template":"","meta":{"footnotes":""},"_links":{"self":[{"href":"https:\/\/old.5touches.com\/en\/wp-json\/wp\/v2\/pages\/2983"}],"collection":[{"href":"https:\/\/old.5touches.com\/en\/wp-json\/wp\/v2\/pages"}],"about":[{"href":"https:\/\/old.5touches.com\/en\/wp-json\/wp\/v2\/types\/page"}],"author":[{"embeddable":true,"href":"https:\/\/old.5touches.com\/en\/wp-json\/wp\/v2\/users\/2"}],"replies":[{"embeddable":true,"href":"https:\/\/old.5touches.com\/en\/wp-json\/wp\/v2\/comments?post=2983"}],"version-history":[{"count":15,"href":"https:\/\/old.5touches.com\/en\/wp-json\/wp\/v2\/pages\/2983\/revisions"}],"predecessor-version":[{"id":3081,"href":"https:\/\/old.5touches.com\/en\/wp-json\/wp\/v2\/pages\/2983\/revisions\/3081"}],"wp:attachment":[{"href":"https:\/\/old.5touches.com\/en\/wp-json\/wp\/v2\/media?parent=2983"}],"curies":[{"name":"wp","href":"https:\/\/api.w.org\/{rel}","templated":true}]}}