{"id":3127,"date":"2021-01-15T14:33:33","date_gmt":"2021-01-15T14:33:33","guid":{"rendered":"https:\/\/5touches.com\/?page_id=3127"},"modified":"2021-01-24T14:15:00","modified_gmt":"2021-01-24T14:15:00","slug":"the-culinary-touch","status":"publish","type":"page","link":"https:\/\/old.5touches.com\/en\/the-culinary-touch\/","title":{"rendered":"The Culinary Touch"},"content":{"rendered":"<section class=\"l-section wpb_row us_custom_6745946f has_text_color height_large width_full with_img parallax_ver with_shape\"><div class=\"l-section-img\" role=\"img\" data-img-width=\"1600\" data-img-height=\"900\" style=\"background-image: url(https:\/\/old.5touches.com\/wp-content\/uploads\/2019\/10\/FencingMask_gold_red_light.jpg);background-repeat: no-repeat;\"><\/div><div class=\"l-section-shape type_curve pos_bottom\" style=\"height:5vh;\"><svg xmlns=\"http:\/\/www.w3.org\/2000\/svg\" viewbox=\"0 0 64 8\" preserveaspectratio=\"none\" width=\"100%\" height=\"100%\">\r\n\t<path fill=\"currentColor\" d=\"M64 8 L64 0 Q32 15.8 0 0 L0 8 Z\"\/>\r\n<\/svg><\/div><div class=\"l-section-h i-cf\"><div class=\"g-cols vc_row via_flex valign_bottom type_default stacking_default\"><div class=\"vc_col-sm-12 wpb_column vc_column_container us_animate_afb\" style=\"animation-delay:0.2s\"><div class=\"vc_column-inner\"><div class=\"wpb_wrapper\"><div class=\"wpb_text_column us_custom_aa6f7ca2\"><div class=\"wpb_wrapper\"><h1 style=\"text-align: center;\">The Culinary Touch<\/h1>\n<\/div><\/div><div class=\"wpb_text_column us_custom_a5c88937\"><div class=\"wpb_wrapper\"><div dir=\"ltr\">\n<div class=\"moz-forward-container\">\n<p class=\"p1\" style=\"text-align: center;\">Cr\u00e9ativit\u00e9, Pr\u00e9cision, G\u00e9n\u00e9rosit\u00e9, Adaptation et Agilit\u00e9 sont les 5 touches gagnantes.<\/p>\n<\/div>\n<\/div>\n<\/div><\/div><\/div><\/div><\/div><\/div><\/div><\/section><section class=\"l-section wpb_row us_custom_4fb9e5a3 height_auto with_img\"><div class=\"l-section-img\" role=\"img\" data-img-width=\"1920\" data-img-height=\"1080\" style=\"background-image: url(https:\/\/old.5touches.com\/wp-content\/uploads\/2019\/10\/culinary-background.jpg);\"><\/div><div class=\"l-section-overlay\" style=\"background:rgba(255,255,255,0.4)\"><\/div><div class=\"l-section-h i-cf\"><div class=\"g-cols vc_row via_flex valign_middle type_boxes stacking_default\"><div class=\"vc_col-sm-6 wpb_column vc_column_container\"><div class=\"vc_column-inner\"><div class=\"wpb_wrapper\"><div class=\"w-image align_center us_animate_afl\" style=\"animation-delay:0.4s\"><div url class=\"w-image-h\"><img width=\"500\" height=\"600\" src=\"https:\/\/old.5touches.com\/wp-content\/uploads\/2021\/01\/mozaic-culinary-2.jpg\" class=\"attachment-full size-full\" alt=\"\" decoding=\"async\" loading=\"lazy\" srcset=\"https:\/\/old.5touches.com\/wp-content\/uploads\/2021\/01\/mozaic-culinary-2.jpg 500w, https:\/\/old.5touches.com\/wp-content\/uploads\/2021\/01\/mozaic-culinary-2-250x300.jpg 250w, https:\/\/old.5touches.com\/wp-content\/uploads\/2021\/01\/mozaic-culinary-2-10x12.jpg 10w, https:\/\/old.5touches.com\/wp-content\/uploads\/2021\/01\/mozaic-culinary-2-333x400.jpg 333w, https:\/\/old.5touches.com\/wp-content\/uploads\/2021\/01\/mozaic-culinary-2-417x500.jpg 417w\" sizes=\"(max-width: 500px) 100vw, 500px\" \/><\/div><\/div><\/div><\/div><\/div><div class=\"vc_col-sm-6 wpb_column vc_column_container us_animate_afr\" style=\"animation-delay:0.6s\"><div class=\"vc_column-inner\"><div class=\"wpb_wrapper\"><div class=\"wpb_text_column\"><div class=\"wpb_wrapper\"><div dir=\"ltr\">\n<div class=\"moz-forward-container\">\n<div dir=\"ltr\">\n<div class=\"moz-forward-container\">\n<h2 class=\"p1\">Notre alimentation d\u00e9termine notre \u00e9nergie physique et mentale.<\/h2>\n<\/div>\n<\/div>\n<\/div>\n<\/div>\n<\/div><\/div><div class=\"wpb_text_column us_custom_b03c5298\"><div class=\"wpb_wrapper\"><div class=\"page\" title=\"Page 6\">\n<div class=\"layoutArea\">\n<div class=\"column\">\n<div dir=\"ltr\">\n<div class=\"moz-forward-container\">\n<p class=\"p1\">Les aliments sont les carburants indispensables pour faire fonctionner chaque partie de notre corps. 5Touches propose de partager les habitudes alimentaires d\u2019une athl\u00e8te olympique.<\/p>\n<p class=\"p1\">Dans la cuisine comme dans l\u2019escrime, ce n\u2019est pas un seul ingr\u00e9dient, mais le m\u00e9lange des ingr\u00e9dients qui fait la diff\u00e9rence. Dans ces deux arts, c\u2019est la discipline, la pr\u00e9cision, l\u2019intuition et la cr\u00e9ativit\u00e9 qui sont d\u00e9velopp\u00e9es.<\/p>\n<p class=\"p1\">C\u2019est pour cela que 5Touches s\u2019associe avec 5Senses, la cuisine du chef Natalio Simionato, pour vous proposer un voyage culinaire avec des associations originales et \u00e9quilibr\u00e9es.<\/p>\n<\/div>\n<\/div>\n<\/div>\n<\/div>\n<\/div>\n<\/div><\/div><\/div><\/div><\/div><\/div><\/div><\/section><section class=\"l-section wpb_row us_custom_b0b6811d height_auto width_full with_img\"><div class=\"l-section-img\" role=\"img\" data-img-width=\"1600\" data-img-height=\"900\" style=\"background-image: url(https:\/\/old.5touches.com\/wp-content\/uploads\/2020\/03\/culinary-background-pattern.jpg);background-repeat: no-repeat;\"><\/div><div class=\"l-section-h i-cf\"><div class=\"g-cols vc_row via_flex valign_top type_default stacking_default\"><div class=\"vc_col-sm-12 wpb_column vc_column_container has_text_color\"><div class=\"vc_column-inner us_custom_6df4bc3a\"><div class=\"wpb_wrapper\"><div class=\"wpb_text_column\"><div class=\"wpb_wrapper\"><h2 style=\"text-align: center;\">The Culinary Services<\/h2>\n<\/div><\/div><div class=\"w-separator us_custom_6df4bc3a has_text_color size_small with_line width_30 thick_1 style_solid color_primary align_center with_content\"><div class=\"w-separator-h\"><i class=\"material-icons\">keyboard_arrow_down<\/i><\/div><\/div><\/div><\/div><\/div><div class=\"vc_col-sm-3 wpb_column vc_column_container has_bg_color\"><div class=\"vc_column-inner us_custom_5779a6c5\"><div class=\"wpb_wrapper\"><div class=\"ult-new-ib ult-ib-effect-style2  ult-ib-resp ult-ib2-min-height  vc_custom_1611045421296\" data-min-width=\"768\" data-max-width=\"900\" style=\"background:#d1423f; opacity:0; \" data-opacity=\"1\" data-hover-opacity=\"0.3\"  data-min-height=\"300\" ><img class=\"ult-new-ib-img\" style=\"opacity:1;\" alt=\"null\" src=\"https:\/\/old.5touches.com\/wp-content\/uploads\/2021\/01\/chef-a-domicile.jpg\"  data-min-height=\"300\"   \/><div id=\"interactive-banner-wrap-4404\" class=\"ult-new-ib-desc\" style=\"\"><h3 class=\"ult-new-ib-title ult-responsive\"  data-ultimate-target='#interactive-banner-wrap-4404 .ult-new-ib-title'  data-responsive-json-new='{\"font-size\":\"desktop:26px;tablet:22px;tablet_portrait:22px;mobile_landscape:18px;mobile:18px;\",\"line-height\":\"\"}'  style=\"font-weight:bold;color:#ffffff;\">CHEF A DOMICILE<\/h3><\/div><a class=\"ult-new-ib-link\" href=\"https:\/\/5touches.com\/the-culinary-touch\/chef-a-domicile-2\/\" title=\"Chef at home\"  ><\/a><\/div><script type=\"text\/javascript\">\n\t\t\t(function($){\n\t\t\t\t$(document).ready(function(){\n\t\t\t\t\t$(\".ult-new-ib\").css(\"opacity\",\"1\");\n\t\t\t\t});\n\t\t\t})(jQuery);\n\t\t\t<\/script><span id=\"creative-link-wrap-8368\" class=\"ult_main_cl ult-adjust-bottom-margin\" >\n\t \t\t\t<span class=\"ult_cl_link_4  ult_crlink\" >\n\t\t\t\t\t<a  data-ultimate-target='#creative-link-wrap-8368 .ult_colorlink'  data-responsive-json-new='{\"font-size\":\"\",\"line-height\":\"\"}'  href=\"https:\/\/5touches.com\/the-culinary-touch\/chef-a-domicile-2\/\" title=\"Chef at home\"  class=\"ult_colorlink ult-responsive  vc_custom_1611045431094\" style=\"float:left;font-weight:normal; \"  data-textcolor=\"#cc9966\" data-texthover=\"#d58c42\"data-style=\"Style_4\">\n\t\t\t\t\t\t\n\t\t\t\t\t\t<span data-hover=\"D\u00e9couvrir...\" style=\"color:#cc9966;;;\" class=\"ult_btn10_span\">D\u00e9couvrir...<\/span>\n\t\t\t\t\t\t<span class=\"ult_link_btm4\" style=\"border-color:#cc9966;border-bottom-width:1px;border-style:solid;\"><\/span>\n\t\t\t\t\t<\/a>\n\t\t\t\t<\/span>\n\t\t\t<\/span><\/div><\/div><\/div><div class=\"vc_col-sm-3 wpb_column vc_column_container has_bg_color\"><div class=\"vc_column-inner us_custom_5779a6c5\"><div class=\"wpb_wrapper\"><div class=\"ult-new-ib ult-ib-effect-style2  ult-ib-resp ult-ib2-min-height  vc_custom_1611045638552\" data-min-width=\"768\" data-max-width=\"900\" style=\"background:#d1423f; opacity:0; \" data-opacity=\"1\" data-hover-opacity=\"0.3\"  data-min-height=\"300\" ><img class=\"ult-new-ib-img\" style=\"opacity:1;\" alt=\"null\" src=\"https:\/\/dev3.mathlynder.com\/wp-content\/uploads\/2020\/12\/chef-a-domicile-xm.png\"  data-min-height=\"300\"   \/><div id=\"interactive-banner-wrap-2274\" class=\"ult-new-ib-desc\" style=\"\"><h3 class=\"ult-new-ib-title ult-responsive\"  data-ultimate-target='#interactive-banner-wrap-2274 .ult-new-ib-title'  data-responsive-json-new='{\"font-size\":\"desktop:26px;tablet:22px;tablet_portrait:22px;mobile_landscape:18px;mobile:18px;\",\"line-height\":\"\"}'  style=\"font-weight:bold;color:#ffffff;\">COURS DE CUISINE<\/h3><\/div><a class=\"ult-new-ib-link\" href=\"https:\/\/5touches.com\/the-culinary-touch\/cours-et-atelier-de-cuisine\/\" title=\"Cooking Classes &amp; Workshops\"  ><\/a><\/div><script type=\"text\/javascript\">\n\t\t\t(function($){\n\t\t\t\t$(document).ready(function(){\n\t\t\t\t\t$(\".ult-new-ib\").css(\"opacity\",\"1\");\n\t\t\t\t});\n\t\t\t})(jQuery);\n\t\t\t<\/script><span id=\"creative-link-wrap-8922\" class=\"ult_main_cl ult-adjust-bottom-margin\" >\n\t \t\t\t<span class=\"ult_cl_link_4  ult_crlink\" >\n\t\t\t\t\t<a  data-ultimate-target='#creative-link-wrap-8922 .ult_colorlink'  data-responsive-json-new='{\"font-size\":\"\",\"line-height\":\"\"}'  href=\"https:\/\/5touches.com\/the-culinary-touch\/cours-et-atelier-de-cuisine\/\" title=\"Cooking Classes &amp; Workshops\"  class=\"ult_colorlink ult-responsive  vc_custom_1611045646917\" style=\"float:left;font-weight:normal; \"  data-textcolor=\"#cc9966\" data-texthover=\"#d58c42\"data-style=\"Style_4\">\n\t\t\t\t\t\t\n\t\t\t\t\t\t<span data-hover=\"D\u00e9couvrir...\" style=\"color:#cc9966;;;\" class=\"ult_btn10_span\">D\u00e9couvrir...<\/span>\n\t\t\t\t\t\t<span class=\"ult_link_btm4\" style=\"border-color:#cc9966;border-bottom-width:1px;border-style:solid;\"><\/span>\n\t\t\t\t\t<\/a>\n\t\t\t\t<\/span>\n\t\t\t<\/span><\/div><\/div><\/div><div class=\"vc_col-sm-3 wpb_column vc_column_container has_bg_color\"><div class=\"vc_column-inner us_custom_5779a6c5\"><div class=\"wpb_wrapper\"><div class=\"ult-new-ib ult-ib-effect-style2  ult-ib-resp ult-ib2-min-height  vc_custom_1611045654633\" data-min-width=\"768\" data-max-width=\"900\" style=\"background:#d1423f; opacity:0; \" data-opacity=\"1\" data-hover-opacity=\"0.3\"  data-min-height=\"300\" ><img class=\"ult-new-ib-img\" style=\"opacity:1;\" alt=\"null\" src=\"https:\/\/old.5touches.com\/wp-content\/uploads\/2021\/01\/livraison-cover-service.jpg\"  data-min-height=\"300\"   \/><div id=\"interactive-banner-wrap-4573\" class=\"ult-new-ib-desc\" style=\"\"><h3 class=\"ult-new-ib-title ult-responsive\"  data-ultimate-target='#interactive-banner-wrap-4573 .ult-new-ib-title'  data-responsive-json-new='{\"font-size\":\"desktop:26px;tablet:22px;tablet_portrait:22px;mobile_landscape:18px;mobile:18px;\",\"line-height\":\"\"}'  style=\"font-weight:bold;color:#ffffff;\">LIVRAISON A DOMICILE<\/h3><\/div><a class=\"ult-new-ib-link\" href=\"https:\/\/5touches.com\/the-culinary-touch\/livraison-a-domicile\/\" title=\"Home delivery\"  ><\/a><\/div><script type=\"text\/javascript\">\n\t\t\t(function($){\n\t\t\t\t$(document).ready(function(){\n\t\t\t\t\t$(\".ult-new-ib\").css(\"opacity\",\"1\");\n\t\t\t\t});\n\t\t\t})(jQuery);\n\t\t\t<\/script><span id=\"creative-link-wrap-1107\" class=\"ult_main_cl ult-adjust-bottom-margin\" >\n\t \t\t\t<span class=\"ult_cl_link_4  ult_crlink\" >\n\t\t\t\t\t<a  data-ultimate-target='#creative-link-wrap-1107 .ult_colorlink'  data-responsive-json-new='{\"font-size\":\"\",\"line-height\":\"\"}'  href=\"https:\/\/5touches.com\/the-culinary-touch\/livraison-a-domicile\/\" title=\"Home delivery\"  class=\"ult_colorlink ult-responsive  vc_custom_1611045661165\" style=\"float:left;font-weight:normal; \"  data-textcolor=\"#cc9966\" data-texthover=\"#d58c42\"data-style=\"Style_4\">\n\t\t\t\t\t\t\n\t\t\t\t\t\t<span data-hover=\"D\u00e9couvrir...\" style=\"color:#cc9966;;;\" class=\"ult_btn10_span\">D\u00e9couvrir...<\/span>\n\t\t\t\t\t\t<span class=\"ult_link_btm4\" style=\"border-color:#cc9966;border-bottom-width:1px;border-style:solid;\"><\/span>\n\t\t\t\t\t<\/a>\n\t\t\t\t<\/span>\n\t\t\t<\/span><\/div><\/div><\/div><div class=\"vc_col-sm-3 wpb_column vc_column_container has_bg_color\"><div class=\"vc_column-inner us_custom_b2adad11\"><div class=\"wpb_wrapper\"><div class=\"ult-new-ib ult-ib-effect-style2  ult-ib-resp ult-ib2-min-height  vc_custom_1611045668908\" data-min-width=\"768\" data-max-width=\"900\" style=\"background:#d1423f; opacity:0; \" data-opacity=\"1\" data-hover-opacity=\"0.3\"  data-min-height=\"300\" ><img class=\"ult-new-ib-img\" style=\"opacity:1;\" alt=\"null\" src=\"https:\/\/old.5touches.com\/wp-content\/uploads\/2021\/01\/natalio-simionato-consulting.jpg\"  data-min-height=\"300\"   \/><div id=\"interactive-banner-wrap-9229\" class=\"ult-new-ib-desc\" style=\"\"><h3 class=\"ult-new-ib-title ult-responsive\"  data-ultimate-target='#interactive-banner-wrap-9229 .ult-new-ib-title'  data-responsive-json-new='{\"font-size\":\"desktop:26px;tablet:22px;tablet_portrait:22px;mobile_landscape:18px;mobile:18px;\",\"line-height\":\"\"}'  style=\"font-weight:bold;color:#ffffff;\">CONSULTING<\/h3><\/div><a class=\"ult-new-ib-link\" href=\"https:\/\/5touches.com\/the-culinary-touch\/consulting\/\" title=\"Consulting\"  ><\/a><\/div><script type=\"text\/javascript\">\n\t\t\t(function($){\n\t\t\t\t$(document).ready(function(){\n\t\t\t\t\t$(\".ult-new-ib\").css(\"opacity\",\"1\");\n\t\t\t\t});\n\t\t\t})(jQuery);\n\t\t\t<\/script><span id=\"creative-link-wrap-8740\" class=\"ult_main_cl ult-adjust-bottom-margin\" >\n\t \t\t\t<span class=\"ult_cl_link_4  ult_crlink\" >\n\t\t\t\t\t<a  data-ultimate-target='#creative-link-wrap-8740 .ult_colorlink'  data-responsive-json-new='{\"font-size\":\"\",\"line-height\":\"\"}'  href=\"https:\/\/5touches.com\/the-culinary-touch\/consulting\/\" title=\"Consulting\"  class=\"ult_colorlink ult-responsive  vc_custom_1611045675427\" style=\"float:left;font-weight:normal; \"  data-textcolor=\"#cc9966\" data-texthover=\"#d58c42\"data-style=\"Style_4\">\n\t\t\t\t\t\t\n\t\t\t\t\t\t<span data-hover=\"D\u00e9couvrir...\" style=\"color:#cc9966;;;\" class=\"ult_btn10_span\">D\u00e9couvrir...<\/span>\n\t\t\t\t\t\t<span class=\"ult_link_btm4\" style=\"border-color:#cc9966;border-bottom-width:1px;border-style:solid;\"><\/span>\n\t\t\t\t\t<\/a>\n\t\t\t\t<\/span>\n\t\t\t<\/span><\/div><\/div><\/div><\/div><\/div><\/section><!-- Row Backgrounds --><div class=\"upb_color\" data-bg-override=\"0\" data-bg-color=\"#d1423f\" data-fadeout=\"\" data-fadeout-percentage=\"30\" data-parallax-content=\"\" data-parallax-content-sense=\"30\" data-row-effect-mobile-disable=\"true\" data-img-parallax-mobile-disable=\"true\" data-rtl=\"false\"  data-custom-vc-row=\"\"  data-vc=\"6.4.2\"  data-is_old_vc=\"\"  data-theme-support=\"\"   data-overlay=\"false\" data-overlay-color=\"\" data-overlay-pattern=\"\" data-overlay-pattern-opacity=\"\" data-overlay-pattern-size=\"\"    ><\/div><section class=\"l-section wpb_row us_custom_19b02f41 height_auto\"><div class=\"l-section-h i-cf\"><div class=\"g-cols vc_row via_flex valign_top type_default stacking_default\"><div class=\"vc_col-sm-12 wpb_column vc_column_container\"><div class=\"vc_column-inner\"><div class=\"wpb_wrapper\"><div class=\"wpb_text_column\"><div class=\"wpb_wrapper\"><h4 style=\"text-align: center;\"><span style=\"color: #bd975c;\">Faites maintenant votre demande en ligne<\/span><\/h4>\n<\/div><\/div><div class=\"w-separator size_small with_line width_30 thick_1 style_solid color_primary align_center with_content\"><div class=\"w-separator-h\"><i class=\"material-icons\">keyboard_arrow_down<\/i><\/div><\/div><div class=\"wpb_text_column\"><div class=\"wpb_wrapper\"><p style=\"text-align: center;\">Vous pouvez d\u00e8s \u00e0 pr\u00e9sent remplir notre formulaire en ligne<br \/>\npour demander plus d&rsquo;infos ou r\u00e9server la prestation de votre choix.<\/p>\n<\/div><\/div><div class=\"w-popup us_custom_5f3f91d4 w-btn-wrapper align_center\"><button aria-label=\"Demander une r\u00e9servation\" class=\"w-popup-trigger type_btn w-btn us-btn-style_1\"><span class=\"w-btn-label\">Demander une r\u00e9servation<\/span><\/button><div class=\"w-popup-overlay\" style=\"background:rgba(0,0,0,0.40);\"><\/div><div class=\"w-popup-wrap\" style=\"--title-color:var(--color-content-heading);--title-bg-color:var(--color-content-primary);--content-color:var(--color-content-text);--content-bg-color:var(--color-content-bg)\"><div class=\"w-popup-box animation_fadeIn closerpos_outside with_title\" style=\"width:600px;\"><div class=\"w-popup-box-h\"><div class=\"w-popup-box-title\">R\u00e9servation Culinary Touch<\/div><div class=\"w-popup-box-content\" style=\"padding:5%;\"><div class=\"wpcf7 no-js\" id=\"wpcf7-f3140-o1\" lang=\"fr-FR\" dir=\"ltr\">\n<div class=\"screen-reader-response\"><p role=\"status\" aria-live=\"polite\" aria-atomic=\"true\"><\/p> <ul><\/ul><\/div>\n<form action=\"\/en\/wp-json\/wp\/v2\/pages\/3127#wpcf7-f3140-o1\" method=\"post\" class=\"wpcf7-form init\" aria-label=\"Formulaire de contact\" novalidate=\"novalidate\" data-status=\"init\" data-trp-original-action=\"\/en\/wp-json\/wp\/v2\/pages\/3127#wpcf7-f3140-o1\">\n<div style=\"display: none;\">\n<input type=\"hidden\" name=\"_wpcf7\" value=\"3140\" \/>\n<input type=\"hidden\" name=\"_wpcf7_version\" value=\"5.8\" \/>\n<input type=\"hidden\" name=\"_wpcf7_locale\" value=\"fr_FR\" \/>\n<input type=\"hidden\" name=\"_wpcf7_unit_tag\" value=\"wpcf7-f3140-o1\" \/>\n<input type=\"hidden\" name=\"_wpcf7_container_post\" value=\"0\" \/>\n<input type=\"hidden\" name=\"_wpcf7_posted_data_hash\" value=\"\" \/>\n<\/div>\n<div id=\"formulaire-responsive\" class=\"clearfix\">\n\t<div class=\"rang-form\">\n\t\t<div class=\"demi-colonne\">\n\t\t\t<p>Nom et pr\u00e9nom <span class=\"wpcf7-form-control-wrap\" data-name=\"your-name\"><input size=\"40\" class=\"wpcf7-form-control wpcf7-text wpcf7-validates-as-required\" aria-required=\"true\" aria-invalid=\"false\" value=\"\" type=\"text\" name=\"your-name\" \/><\/span>\n\t\t\t<\/p>\n\t\t<\/div>\n\t\t<div class=\"demi-colonne\">\n\t\t\t<p>T\u00e9l\u00e9phone <span class=\"wpcf7-form-control-wrap\" data-name=\"Votretelephone\"><input size=\"40\" class=\"wpcf7-form-control wpcf7-tel wpcf7-validates-as-required wpcf7-text wpcf7-validates-as-tel\" aria-required=\"true\" aria-invalid=\"false\" value=\"\" type=\"tel\" name=\"Votretelephone\" \/><\/span>\n\t\t\t<\/p>\n\t\t<\/div>\n\t<\/div>\n\t<div class=\"rang-form\">\n\t\t<div class=\"colonne\">\n\t\t\t<p>Email <span class=\"wpcf7-form-control-wrap\" data-name=\"your-email\"><input size=\"40\" class=\"wpcf7-form-control wpcf7-email wpcf7-validates-as-required wpcf7-text wpcf7-validates-as-email\" aria-required=\"true\" aria-invalid=\"false\" value=\"\" type=\"email\" name=\"your-email\" \/><\/span>\n\t\t\t<\/p>\n\t\t<\/div>\n\t<\/div>\n\t<div>\n\t<\/div>\n\t<div class=\"rang-form\">\n\t\t<div class=\"colonne\">\n\t\t\t<p>Prestation souhait\u00e9e <span class=\"wpcf7-form-control-wrap\" data-name=\"Prestations\"><select class=\"wpcf7-form-control wpcf7-select wpcf7-validates-as-required\" aria-required=\"true\" aria-invalid=\"false\" name=\"Prestations\"><option value=\"Chef \u00e0 domicile\">Chef at home<\/option><option value=\"Cours de cuisine\">Cours de cuisine<\/option><option value=\"Livraison\">Livraison<\/option><option value=\"Show cooking\">Show cooking<\/option><option value=\"Consulting\">Consulting<\/option><\/select><\/span>\n\t\t\t<\/p>\n\t\t<\/div>\n\t<\/div>\n\t<div class=\"rang-form\">\n\t\t<div class=\"demi-colonne\">\n\t\t\t<p>Nombre de personnes <span class=\"wpcf7-form-control-wrap\" data-name=\"number-person\"><input class=\"wpcf7-form-control wpcf7-number wpcf7-validates-as-required wpcf7-validates-as-number\" min=\"1\" max=\"12\" aria-required=\"true\" aria-invalid=\"false\" value=\"\" type=\"number\" name=\"number-person\" \/><\/span>\n\t\t\t<\/p>\n\t\t<\/div>\n\t\t<div class=\"demi-colonne\">\n\t\t\t<p>Date <span class=\"wpcf7-form-control-wrap\" data-name=\"date\"><input class=\"wpcf7-form-control wpcf7-date wpcf7-validates-as-required wpcf7-validates-as-date\" aria-required=\"true\" aria-invalid=\"false\" value=\"\" type=\"date\" name=\"date\" \/><\/span>\n\t\t\t<\/p>\n\t\t<\/div>\n\t<\/div>\n\t<div>\n\t<\/div>\n\t<div class=\"rang-form\">\n\t\t<div class=\"colonne\">\n\t\t\t<p>Adresse <span class=\"wpcf7-form-control-wrap\" data-name=\"Adresse\"><input size=\"40\" class=\"wpcf7-form-control wpcf7-text wpcf7-validates-as-required\" aria-required=\"true\" aria-invalid=\"false\" value=\"\" type=\"text\" name=\"Adresse\" \/><\/span>\n\t\t\t<\/p>\n\t\t<\/div>\n\t<\/div>\n\t<div class=\"rang-form\">\n\t\t<div class=\"demi-colonne\">\n\t\t\t<p>Code postal <span class=\"wpcf7-form-control-wrap\" data-name=\"codepostal\"><input size=\"40\" class=\"wpcf7-form-control wpcf7-text\" aria-invalid=\"false\" value=\"\" type=\"text\" name=\"codepostal\" \/><\/span>\n\t\t\t<\/p>\n\t\t<\/div>\n\t\t<div class=\"demi-colonne\">\n\t\t\t<p>Ville <span class=\"wpcf7-form-control-wrap\" data-name=\"Ville\"><input size=\"40\" class=\"wpcf7-form-control wpcf7-text wpcf7-validates-as-required\" aria-required=\"true\" aria-invalid=\"false\" value=\"\" type=\"text\" name=\"Ville\" \/><\/span>\n\t\t\t<\/p>\n\t\t<\/div>\n\t<\/div>\n\t<div class=\"rang-form\">\n\t\t<div class=\"colonne\">\n\t\t\t<p>Allergies et commentaires <span class=\"wpcf7-form-control-wrap\" data-name=\"your-message\"><textarea cols=\"40\" rows=\"10\" class=\"wpcf7-form-control wpcf7-textarea\" aria-invalid=\"false\" name=\"your-message\"><\/textarea><\/span>\n\t\t\t<\/p>\n\t\t<\/div>\n\t<\/div>\n\t<p><span class=\"wpcf7-form-control-wrap\" data-name=\"verif-envoi\"><span class=\"wpcf7-form-control wpcf7-checkbox wpcf7-validates-as-required\"><span class=\"wpcf7-list-item first last\"><input type=\"checkbox\" name=\"verif-envoi[]\" value=\"En soumettant ce formulaire, vous acceptez que vos informations soient uniquement utilis\u00e9es dans le cadre de votre demande et de la relation commerciale qui pourrait en d\u00e9couler.\" \/><span class=\"wpcf7-list-item-label\">En soumettant ce formulaire, vous acceptez que vos informations soient uniquement utilis\u00e9es dans le cadre de votre demande et de la relation commerciale qui pourrait en d\u00e9couler.<\/span><\/span><\/span><\/span>\n\t<\/p>\n\t<p><input class=\"wpcf7-form-control wpcf7-submit has-spinner\" type=\"submit\" value=\"Send\" \/>\n\t<\/p>\n<\/div><div class=\"wpcf7-response-output\" aria-hidden=\"true\"><\/div>\n<input type=\"hidden\" name=\"trp-form-language\" value=\"en\"\/><\/form>\n<\/div>\n<\/div><\/div><\/div><div class=\"w-popup-closer\"><\/div><\/div><\/div><\/div><\/div><\/div><\/div><\/div><\/section>","protected":false},"excerpt":{"rendered":"The Culinary Touch Cr\u00e9ativit\u00e9, Pr\u00e9cision, G\u00e9n\u00e9rosit\u00e9, Adaptation et Agilit\u00e9 sont les 5 touches gagnantes. Notre alimentation d\u00e9termine notre \u00e9nergie physique et mentale. Les aliments sont les carburants indispensables pour faire fonctionner chaque partie de notre corps. 5Touches propose de partager les habitudes alimentaires d\u2019une athl\u00e8te olympique. Dans la cuisine comme dans l\u2019escrime, ce n\u2019est pas...","protected":false},"author":2,"featured_media":0,"parent":0,"menu_order":0,"comment_status":"closed","ping_status":"closed","template":"","meta":{"footnotes":""},"_links":{"self":[{"href":"https:\/\/old.5touches.com\/en\/wp-json\/wp\/v2\/pages\/3127"}],"collection":[{"href":"https:\/\/old.5touches.com\/en\/wp-json\/wp\/v2\/pages"}],"about":[{"href":"https:\/\/old.5touches.com\/en\/wp-json\/wp\/v2\/types\/page"}],"author":[{"embeddable":true,"href":"https:\/\/old.5touches.com\/en\/wp-json\/wp\/v2\/users\/2"}],"replies":[{"embeddable":true,"href":"https:\/\/old.5touches.com\/en\/wp-json\/wp\/v2\/comments?post=3127"}],"version-history":[{"count":11,"href":"https:\/\/old.5touches.com\/en\/wp-json\/wp\/v2\/pages\/3127\/revisions"}],"predecessor-version":[{"id":3197,"href":"https:\/\/old.5touches.com\/en\/wp-json\/wp\/v2\/pages\/3127\/revisions\/3197"}],"wp:attachment":[{"href":"https:\/\/old.5touches.com\/en\/wp-json\/wp\/v2\/media?parent=3127"}],"curies":[{"name":"wp","href":"https:\/\/api.w.org\/{rel}","templated":true}]}}