{"id":3136,"date":"2021-01-15T14:38:35","date_gmt":"2021-01-15T14:38:35","guid":{"rendered":"https:\/\/5touches.com\/?page_id=3136"},"modified":"2021-01-19T08:50:50","modified_gmt":"2021-01-19T08:50:50","slug":"livraison-a-domicile","status":"publish","type":"page","link":"https:\/\/old.5touches.com\/en\/the-culinary-touch\/livraison-a-domicile\/","title":{"rendered":"Home delivery"},"content":{"rendered":"<section class=\"l-section wpb_row height_large width_full with_img parallax_ver with_shape\"><div class=\"l-section-img\" role=\"img\" data-img-width=\"1600\" data-img-height=\"900\" style=\"background-image: url(https:\/\/old.5touches.com\/wp-content\/uploads\/2019\/10\/FencingMask_gold_red_light.jpg);background-repeat: no-repeat;\"><\/div><div class=\"l-section-shape type_curve pos_bottom\" style=\"height:5vh;\"><svg xmlns=\"http:\/\/www.w3.org\/2000\/svg\" viewbox=\"0 0 64 8\" preserveaspectratio=\"none\" width=\"100%\" height=\"100%\">\r\n\t<path fill=\"currentColor\" d=\"M64 8 L64 0 Q32 15.8 0 0 L0 8 Z\"\/>\r\n<\/svg><\/div><div class=\"l-section-h i-cf\"><div class=\"g-cols vc_row via_flex valign_bottom type_default stacking_default\"><div class=\"vc_col-sm-12 wpb_column vc_column_container has_text_color us_animate_afb\" style=\"animation-delay:0.2s\"><div class=\"vc_column-inner us_custom_6df4bc3a\"><div class=\"wpb_wrapper\"><div class=\"wpb_text_column us_custom_aa6f7ca2\"><div class=\"wpb_wrapper\"><h1 style=\"text-align: center;\"><span style=\"color: #cca866;\">Home delivery<\/span><\/h1>\n<\/div><\/div><div class=\"wpb_text_column\"><div class=\"wpb_wrapper\"><div dir=\"ltr\">\n<div class=\"moz-forward-container\">\n<div dir=\"ltr\">\n<div class=\"moz-forward-container\">\n<div>\n<div>\n<p style=\"text-align: center;\"><span style=\"color: #cca866;\"><b>Livraison de repas hebdomadaire.<\/b><\/span><\/p>\n<\/div>\n<\/div>\n<\/div>\n<\/div>\n<\/div>\n<\/div>\n<\/div><\/div><\/div><\/div><\/div><\/div><\/div><\/section><section class=\"l-section wpb_row us_custom_4fb9e5a3 height_auto with_img\"><div class=\"l-section-img\" role=\"img\" data-img-width=\"1920\" data-img-height=\"1080\" style=\"background-image: url(https:\/\/old.5touches.com\/wp-content\/uploads\/2019\/10\/culinary-background.jpg);\"><\/div><div class=\"l-section-overlay\" style=\"background:rgba(255,255,255,0.4)\"><\/div><div class=\"l-section-h i-cf\"><div class=\"g-cols vc_row via_flex valign_middle type_boxes stacking_default\"><div class=\"vc_col-sm-6 wpb_column vc_column_container\"><div class=\"vc_column-inner\"><div class=\"wpb_wrapper\"><div class=\"w-image align_center us_animate_afl\" style=\"animation-delay:0.4s\"><div url class=\"w-image-h\"><img class=\"g-placeholder\" src=\"https:\/\/old.5touches.com\/wp-content\/plugins\/us-core\/assets\/images\/placeholder.svg\" width=\"\" height=\"\" alt><\/div><\/div><\/div><\/div><\/div><div class=\"vc_col-sm-6 wpb_column vc_column_container us_animate_afr\" style=\"animation-delay:0.6s\"><div class=\"vc_column-inner\"><div class=\"wpb_wrapper\"><div class=\"wpb_text_column\"><div class=\"wpb_wrapper\"><div dir=\"ltr\">\n<div class=\"moz-forward-container\">\n<div dir=\"ltr\">\n<div class=\"moz-forward-container\">\n<div dir=\"ltr\">\n<div class=\"moz-forward-container\">\n<div dir=\"ltr\">\n<div class=\"moz-forward-container\">\n<div>\n<div>\n<h2><em><span style=\"color: #cc9966;\">Il n y a pas un r\u00e9gime alimentaire \u00e0 suivre mais un univers culinaire \u00e0 d\u00e9couvrir.<\/span><\/em><\/h2>\n<\/div>\n<\/div>\n<\/div>\n<\/div>\n<\/div>\n<\/div>\n<\/div>\n<\/div>\n<\/div>\n<\/div>\n<\/div><\/div><div class=\"wpb_text_column us_custom_b03c5298\"><div class=\"wpb_wrapper\"><div class=\"page\" title=\"Page 6\">\n<div class=\"layoutArea\">\n<div class=\"column\">\n<div dir=\"ltr\">\n<div class=\"moz-forward-container\">\n<div dir=\"ltr\">\n<div class=\"moz-forward-container\">\n<div dir=\"ltr\">\n<div class=\"moz-forward-container\">\n<div dir=\"ltr\">\n<div class=\"moz-forward-container\">\n<div>\n<div>\n<p>5Touches propose un service de livraison \u00e0 votre domicile,\u00a0des repas \u00e9tudi\u00e9s pour accompagner vos besoin alimentaires. Le Chef pr\u00e9pare un programme hebdomadaire et vous propose des menus \u00e9quilibr\u00e9s et savoureux.<\/p>\n<\/div>\n<\/div>\n<\/div>\n<\/div>\n<\/div>\n<\/div>\n<\/div>\n<\/div>\n<\/div>\n<\/div>\n<\/div>\n<\/div>\n<\/div>\n<\/div><\/div><div class=\"wpb_text_column us_custom_b03c5298\"><div class=\"wpb_wrapper\"><div class=\"page\" title=\"Page 6\">\n<div class=\"layoutArea\">\n<div class=\"column\">\n<div dir=\"ltr\">\n<div class=\"moz-forward-container\">\n<div dir=\"ltr\">\n<div class=\"moz-forward-container\">\n<div dir=\"ltr\">\n<div class=\"moz-forward-container\">\n<div dir=\"ltr\">\n<div class=\"moz-forward-container\">\n<div>\n<div>\n<h4><span style=\"color: #7d7d7d;\"><strong>LE CONCEPT :<\/strong><\/span><\/h4>\n<\/div>\n<\/div>\n<\/div>\n<\/div>\n<div dir=\"ltr\">\n<div class=\"moz-forward-container\">\n<div>\n<div>\n<ul>\n<li>Le menu est compos\u00e9 d\u2019une entr\u00e9e et un plat.<\/li>\n<li>Le chef propose une livraison hebdomadaire pour 4 \u00e0 8 personnes<\/li>\n<li>Option dessert et boulangerie<\/li>\n<li>Option 5 sauces \/ 5 soupes<\/li>\n<li>R\u00e9servation 48h \u00e0 l&rsquo;avance !<\/li>\n<\/ul>\n<\/div>\n<\/div>\n<\/div>\n<\/div>\n<div dir=\"ltr\">\n<div class=\"moz-forward-container\">\n<div>\n<div><\/div>\n<\/div>\n<\/div>\n<\/div>\n<div dir=\"ltr\">\n<div class=\"moz-forward-container\">\n<div>\n<div><\/div>\n<\/div>\n<\/div>\n<\/div>\n<\/div>\n<\/div>\n<\/div>\n<\/div>\n<\/div>\n<\/div>\n<\/div>\n<\/div>\n<\/div>\n<\/div><\/div><\/div><\/div><\/div><\/div><\/div><\/section><section class=\"l-section wpb_row us_custom_19b02f41 height_auto\"><div class=\"l-section-h i-cf\"><div class=\"g-cols vc_row via_flex valign_top type_default stacking_default\"><div class=\"vc_col-sm-12 wpb_column vc_column_container\"><div class=\"vc_column-inner\"><div class=\"wpb_wrapper\"><div class=\"wpb_text_column\"><div class=\"wpb_wrapper\"><h4 style=\"text-align: center;\"><span style=\"color: #cc9966;\">R\u00e9server maintenant<\/span><\/h4>\n<\/div><\/div><div class=\"w-separator size_small with_line width_30 thick_1 style_solid color_primary align_center with_content\"><div class=\"w-separator-h\"><i class=\"material-icons\">keyboard_arrow_down<\/i><\/div><\/div><div class=\"wpb_text_column\"><div class=\"wpb_wrapper\"><p style=\"text-align: center;\">Vous pouvez d\u00e8s \u00e0 pr\u00e9sent remplir notre formulaire en ligne<br \/>\npour demander plus d&rsquo;infos ou r\u00e9server la prestation de votre choix.<\/p>\n<\/div><\/div><div class=\"w-popup us_custom_5f3f91d4 w-btn-wrapper align_center\"><button aria-label=\"Demander une r\u00e9servation\" class=\"w-popup-trigger type_btn w-btn us-btn-style_1\"><span class=\"w-btn-label\">Demander une r\u00e9servation<\/span><\/button><div class=\"w-popup-overlay\" style=\"background:rgba(0,0,0,0.40);\"><\/div><div class=\"w-popup-wrap\" style=\"--title-color:var(--color-content-heading);--title-bg-color:var(--color-content-primary);--content-color:var(--color-content-text);--content-bg-color:var(--color-content-bg)\"><div class=\"w-popup-box animation_fadeIn closerpos_outside with_title\" style=\"width:600px;\"><div class=\"w-popup-box-h\"><div class=\"w-popup-box-title\">R\u00e9servation Culinary Touch<\/div><div class=\"w-popup-box-content\" style=\"padding:5%;\"><div class=\"wpcf7 no-js\" id=\"wpcf7-f3140-o1\" lang=\"fr-FR\" dir=\"ltr\">\n<div class=\"screen-reader-response\"><p role=\"status\" aria-live=\"polite\" aria-atomic=\"true\"><\/p> <ul><\/ul><\/div>\n<form action=\"\/en\/wp-json\/wp\/v2\/pages\/3136#wpcf7-f3140-o1\" method=\"post\" class=\"wpcf7-form init\" aria-label=\"Formulaire de contact\" novalidate=\"novalidate\" data-status=\"init\" data-trp-original-action=\"\/en\/wp-json\/wp\/v2\/pages\/3136#wpcf7-f3140-o1\">\n<div style=\"display: none;\">\n<input type=\"hidden\" name=\"_wpcf7\" value=\"3140\" \/>\n<input type=\"hidden\" name=\"_wpcf7_version\" value=\"5.8\" \/>\n<input type=\"hidden\" name=\"_wpcf7_locale\" value=\"fr_FR\" \/>\n<input type=\"hidden\" name=\"_wpcf7_unit_tag\" value=\"wpcf7-f3140-o1\" \/>\n<input type=\"hidden\" name=\"_wpcf7_container_post\" value=\"0\" \/>\n<input type=\"hidden\" name=\"_wpcf7_posted_data_hash\" value=\"\" \/>\n<\/div>\n<div id=\"formulaire-responsive\" class=\"clearfix\">\n\t<div class=\"rang-form\">\n\t\t<div class=\"demi-colonne\">\n\t\t\t<p>Nom et pr\u00e9nom <span class=\"wpcf7-form-control-wrap\" data-name=\"your-name\"><input size=\"40\" class=\"wpcf7-form-control wpcf7-text wpcf7-validates-as-required\" aria-required=\"true\" aria-invalid=\"false\" value=\"\" type=\"text\" name=\"your-name\" \/><\/span>\n\t\t\t<\/p>\n\t\t<\/div>\n\t\t<div class=\"demi-colonne\">\n\t\t\t<p>T\u00e9l\u00e9phone <span class=\"wpcf7-form-control-wrap\" data-name=\"Votretelephone\"><input size=\"40\" class=\"wpcf7-form-control wpcf7-tel wpcf7-validates-as-required wpcf7-text wpcf7-validates-as-tel\" aria-required=\"true\" aria-invalid=\"false\" value=\"\" type=\"tel\" name=\"Votretelephone\" \/><\/span>\n\t\t\t<\/p>\n\t\t<\/div>\n\t<\/div>\n\t<div class=\"rang-form\">\n\t\t<div class=\"colonne\">\n\t\t\t<p>Email <span class=\"wpcf7-form-control-wrap\" data-name=\"your-email\"><input size=\"40\" class=\"wpcf7-form-control wpcf7-email wpcf7-validates-as-required wpcf7-text wpcf7-validates-as-email\" aria-required=\"true\" aria-invalid=\"false\" value=\"\" type=\"email\" name=\"your-email\" \/><\/span>\n\t\t\t<\/p>\n\t\t<\/div>\n\t<\/div>\n\t<div>\n\t<\/div>\n\t<div class=\"rang-form\">\n\t\t<div class=\"colonne\">\n\t\t\t<p>Prestation souhait\u00e9e <span class=\"wpcf7-form-control-wrap\" data-name=\"Prestations\"><select class=\"wpcf7-form-control wpcf7-select wpcf7-validates-as-required\" aria-required=\"true\" aria-invalid=\"false\" name=\"Prestations\"><option value=\"Chef \u00e0 domicile\">Chef at home<\/option><option value=\"Cours de cuisine\">Cours de cuisine<\/option><option value=\"Livraison\">Livraison<\/option><option value=\"Show cooking\">Show cooking<\/option><option value=\"Consulting\">Consulting<\/option><\/select><\/span>\n\t\t\t<\/p>\n\t\t<\/div>\n\t<\/div>\n\t<div class=\"rang-form\">\n\t\t<div class=\"demi-colonne\">\n\t\t\t<p>Nombre de personnes <span class=\"wpcf7-form-control-wrap\" data-name=\"number-person\"><input class=\"wpcf7-form-control wpcf7-number wpcf7-validates-as-required wpcf7-validates-as-number\" min=\"1\" max=\"12\" aria-required=\"true\" aria-invalid=\"false\" value=\"\" type=\"number\" name=\"number-person\" \/><\/span>\n\t\t\t<\/p>\n\t\t<\/div>\n\t\t<div class=\"demi-colonne\">\n\t\t\t<p>Date <span class=\"wpcf7-form-control-wrap\" data-name=\"date\"><input class=\"wpcf7-form-control wpcf7-date wpcf7-validates-as-required wpcf7-validates-as-date\" aria-required=\"true\" aria-invalid=\"false\" value=\"\" type=\"date\" name=\"date\" \/><\/span>\n\t\t\t<\/p>\n\t\t<\/div>\n\t<\/div>\n\t<div>\n\t<\/div>\n\t<div class=\"rang-form\">\n\t\t<div class=\"colonne\">\n\t\t\t<p>Adresse <span class=\"wpcf7-form-control-wrap\" data-name=\"Adresse\"><input size=\"40\" class=\"wpcf7-form-control wpcf7-text wpcf7-validates-as-required\" aria-required=\"true\" aria-invalid=\"false\" value=\"\" type=\"text\" name=\"Adresse\" \/><\/span>\n\t\t\t<\/p>\n\t\t<\/div>\n\t<\/div>\n\t<div class=\"rang-form\">\n\t\t<div class=\"demi-colonne\">\n\t\t\t<p>Code postal <span class=\"wpcf7-form-control-wrap\" data-name=\"codepostal\"><input size=\"40\" class=\"wpcf7-form-control wpcf7-text\" aria-invalid=\"false\" value=\"\" type=\"text\" name=\"codepostal\" \/><\/span>\n\t\t\t<\/p>\n\t\t<\/div>\n\t\t<div class=\"demi-colonne\">\n\t\t\t<p>Ville <span class=\"wpcf7-form-control-wrap\" data-name=\"Ville\"><input size=\"40\" class=\"wpcf7-form-control wpcf7-text wpcf7-validates-as-required\" aria-required=\"true\" aria-invalid=\"false\" value=\"\" type=\"text\" name=\"Ville\" \/><\/span>\n\t\t\t<\/p>\n\t\t<\/div>\n\t<\/div>\n\t<div class=\"rang-form\">\n\t\t<div class=\"colonne\">\n\t\t\t<p>Allergies et commentaires <span class=\"wpcf7-form-control-wrap\" data-name=\"your-message\"><textarea cols=\"40\" rows=\"10\" class=\"wpcf7-form-control wpcf7-textarea\" aria-invalid=\"false\" name=\"your-message\"><\/textarea><\/span>\n\t\t\t<\/p>\n\t\t<\/div>\n\t<\/div>\n\t<p><span class=\"wpcf7-form-control-wrap\" data-name=\"verif-envoi\"><span class=\"wpcf7-form-control wpcf7-checkbox wpcf7-validates-as-required\"><span class=\"wpcf7-list-item first last\"><input type=\"checkbox\" name=\"verif-envoi[]\" value=\"En soumettant ce formulaire, vous acceptez que vos informations soient uniquement utilis\u00e9es dans le cadre de votre demande et de la relation commerciale qui pourrait en d\u00e9couler.\" \/><span class=\"wpcf7-list-item-label\">En soumettant ce formulaire, vous acceptez que vos informations soient uniquement utilis\u00e9es dans le cadre de votre demande et de la relation commerciale qui pourrait en d\u00e9couler.<\/span><\/span><\/span><\/span>\n\t<\/p>\n\t<p><input class=\"wpcf7-form-control wpcf7-submit has-spinner\" type=\"submit\" value=\"Send\" \/>\n\t<\/p>\n<\/div><div class=\"wpcf7-response-output\" aria-hidden=\"true\"><\/div>\n<input type=\"hidden\" name=\"trp-form-language\" value=\"en\"\/><\/form>\n<\/div>\n<\/div><\/div><\/div><div class=\"w-popup-closer\"><\/div><\/div><\/div><\/div><\/div><\/div><\/div><\/div><\/section><section class=\"l-section wpb_row us_custom_69e2da04 height_auto with_img\"><div class=\"l-section-img\" role=\"img\" data-img-width=\"1600\" data-img-height=\"900\" style=\"background-image: url(https:\/\/old.5touches.com\/wp-content\/uploads\/2020\/03\/culinary-background-pattern.jpg);background-repeat: no-repeat;\"><\/div><div class=\"l-section-h i-cf\"><div class=\"g-cols vc_row via_flex valign_top type_default stacking_default\"><div class=\"vc_col-sm-12 wpb_column vc_column_container\"><div class=\"vc_column-inner us_custom_ad3af0c9\"><div class=\"wpb_wrapper\"><div class=\"wpb_text_column\"><div class=\"wpb_wrapper\"><h2 style=\"text-align: center;\"><span style=\"color: #ffffff;\"><em>Les autres services Culinary Touch<\/em><\/span><\/h2>\n<\/div><\/div><div class=\"w-separator us_custom_6df4bc3a has_text_color size_small with_line width_30 thick_1 style_solid color_border align_center with_content\"><div class=\"w-separator-h\"><i class=\"material-icons\">keyboard_arrow_down<\/i><\/div><\/div><\/div><\/div><\/div><div class=\"vc_col-sm-4 wpb_column vc_column_container has_bg_color\"><div class=\"vc_column-inner us_custom_5779a6c5\"><div class=\"wpb_wrapper\"><div class=\"ult-new-ib ult-ib-effect-style2  ult-ib-resp ult-ib2-min-height  vc_custom_1611045956068\" data-min-width=\"768\" data-max-width=\"900\" style=\"background:#d1423f; opacity:0; \" data-opacity=\"1\" data-hover-opacity=\"0.3\"  data-min-height=\"300\" ><img class=\"ult-new-ib-img\" style=\"opacity:1;\" alt=\"null\" src=\"https:\/\/old.5touches.com\/wp-content\/uploads\/2021\/01\/chef-a-domicile.jpg\"  data-min-height=\"300\"   \/><div id=\"interactive-banner-wrap-8785\" class=\"ult-new-ib-desc\" style=\"\"><h3 class=\"ult-new-ib-title ult-responsive\"  data-ultimate-target='#interactive-banner-wrap-8785 .ult-new-ib-title'  data-responsive-json-new='{\"font-size\":\"desktop:26px;tablet:22px;tablet_portrait:22px;mobile_landscape:18px;mobile:18px;\",\"line-height\":\"\"}'  style=\"font-weight:bold;color:#ffffff;\">CHEF A DOMICILE<\/h3><\/div><a class=\"ult-new-ib-link\" href=\"https:\/\/5touches.com\/the-culinary-touch\/chef-a-domicile-2\/\" title=\"Chef at home\"  ><\/a><\/div><script type=\"text\/javascript\">\n\t\t\t(function($){\n\t\t\t\t$(document).ready(function(){\n\t\t\t\t\t$(\".ult-new-ib\").css(\"opacity\",\"1\");\n\t\t\t\t});\n\t\t\t})(jQuery);\n\t\t\t<\/script><span id=\"creative-link-wrap-8761\" class=\"ult_main_cl ult-adjust-bottom-margin\" >\n\t \t\t\t<span class=\"ult_cl_link_4  ult_crlink\" >\n\t\t\t\t\t<a  data-ultimate-target='#creative-link-wrap-8761 .ult_colorlink'  data-responsive-json-new='{\"font-size\":\"\",\"line-height\":\"\"}'  href=\"https:\/\/5touches.com\/the-culinary-touch\/chef-a-domicile-2\/\" title=\"Chef at home\"  class=\"ult_colorlink ult-responsive  vc_custom_1611045951461\" style=\"float:left;font-weight:normal; \"  data-textcolor=\"#cc9966\" data-texthover=\"#d58c42\"data-style=\"Style_4\">\n\t\t\t\t\t\t\n\t\t\t\t\t\t<span data-hover=\"D\u00e9couvrir...\" style=\"color:#cc9966;;;\" class=\"ult_btn10_span\">D\u00e9couvrir...<\/span>\n\t\t\t\t\t\t<span class=\"ult_link_btm4\" style=\"border-color:#cc9966;border-bottom-width:1px;border-style:solid;\"><\/span>\n\t\t\t\t\t<\/a>\n\t\t\t\t<\/span>\n\t\t\t<\/span><\/div><\/div><\/div><div class=\"vc_col-sm-4 wpb_column vc_column_container has_bg_color\"><div class=\"vc_column-inner us_custom_5779a6c5\"><div class=\"wpb_wrapper\"><div class=\"ult-new-ib ult-ib-effect-style2  ult-ib-resp ult-ib2-min-height  vc_custom_1611045966412\" data-min-width=\"768\" data-max-width=\"900\" style=\"background:#d1423f; opacity:0; \" data-opacity=\"1\" data-hover-opacity=\"0.3\"  data-min-height=\"300\" ><img class=\"ult-new-ib-img\" style=\"opacity:1;\" alt=\"null\" src=\"https:\/\/dev3.mathlynder.com\/wp-content\/uploads\/2020\/12\/chef-a-domicile-xm.png\"  data-min-height=\"300\"   \/><div id=\"interactive-banner-wrap-6592\" class=\"ult-new-ib-desc\" style=\"\"><h3 class=\"ult-new-ib-title ult-responsive\"  data-ultimate-target='#interactive-banner-wrap-6592 .ult-new-ib-title'  data-responsive-json-new='{\"font-size\":\"desktop:26px;tablet:22px;tablet_portrait:22px;mobile_landscape:18px;mobile:18px;\",\"line-height\":\"\"}'  style=\"font-weight:bold;color:#ffffff;\">COURS ET ATELIERS DE CUISINE<\/h3><\/div><a class=\"ult-new-ib-link\" href=\"https:\/\/5touches.com\/the-culinary-touch\/cours-et-atelier-de-cuisine\/\" title=\"Cooking Classes &amp; Workshops\"  ><\/a><\/div><script type=\"text\/javascript\">\n\t\t\t(function($){\n\t\t\t\t$(document).ready(function(){\n\t\t\t\t\t$(\".ult-new-ib\").css(\"opacity\",\"1\");\n\t\t\t\t});\n\t\t\t})(jQuery);\n\t\t\t<\/script><span id=\"creative-link-wrap-7010\" class=\"ult_main_cl ult-adjust-bottom-margin\" >\n\t \t\t\t<span class=\"ult_cl_link_4  ult_crlink\" >\n\t\t\t\t\t<a  data-ultimate-target='#creative-link-wrap-7010 .ult_colorlink'  data-responsive-json-new='{\"font-size\":\"\",\"line-height\":\"\"}'  href=\"https:\/\/5touches.com\/the-culinary-touch\/cours-et-atelier-de-cuisine\/\" title=\"Home delivery\"  class=\"ult_colorlink ult-responsive  vc_custom_1611045977931\" style=\"float:left;font-weight:normal; \"  data-textcolor=\"#cc9966\" data-texthover=\"#d58c42\"data-style=\"Style_4\">\n\t\t\t\t\t\t\n\t\t\t\t\t\t<span data-hover=\"D\u00e9couvrir...\" style=\"color:#cc9966;;;\" class=\"ult_btn10_span\">D\u00e9couvrir...<\/span>\n\t\t\t\t\t\t<span class=\"ult_link_btm4\" style=\"border-color:#cc9966;border-bottom-width:1px;border-style:solid;\"><\/span>\n\t\t\t\t\t<\/a>\n\t\t\t\t<\/span>\n\t\t\t<\/span><\/div><\/div><\/div><div class=\"vc_col-sm-4 wpb_column vc_column_container has_bg_color\"><div class=\"vc_column-inner us_custom_b2adad11\"><div class=\"wpb_wrapper\"><div class=\"ult-new-ib ult-ib-effect-style2  ult-ib-resp ult-ib2-min-height  vc_custom_1611045992099\" data-min-width=\"768\" data-max-width=\"900\" style=\"background:#d1423f; opacity:0; \" data-opacity=\"1\" data-hover-opacity=\"0.3\"  data-min-height=\"300\" ><img class=\"ult-new-ib-img\" style=\"opacity:1;\" alt=\"null\" src=\"https:\/\/old.5touches.com\/wp-content\/uploads\/2021\/01\/natalio-simionato-consulting.jpg\"  data-min-height=\"300\"   \/><div id=\"interactive-banner-wrap-2924\" class=\"ult-new-ib-desc\" style=\"\"><h3 class=\"ult-new-ib-title ult-responsive\"  data-ultimate-target='#interactive-banner-wrap-2924 .ult-new-ib-title'  data-responsive-json-new='{\"font-size\":\"desktop:26px;tablet:22px;tablet_portrait:22px;mobile_landscape:18px;mobile:18px;\",\"line-height\":\"\"}'  style=\"font-weight:bold;color:#ffffff;\">CONSULTING<\/h3><\/div><a class=\"ult-new-ib-link\" href=\"https:\/\/5touches.com\/the-culinary-touch\/consulting\/\" title=\"Consulting\"  ><\/a><\/div><script type=\"text\/javascript\">\n\t\t\t(function($){\n\t\t\t\t$(document).ready(function(){\n\t\t\t\t\t$(\".ult-new-ib\").css(\"opacity\",\"1\");\n\t\t\t\t});\n\t\t\t})(jQuery);\n\t\t\t<\/script><span id=\"creative-link-wrap-2147\" class=\"ult_main_cl ult-adjust-bottom-margin\" >\n\t \t\t\t<span class=\"ult_cl_link_4  ult_crlink\" >\n\t\t\t\t\t<a  data-ultimate-target='#creative-link-wrap-2147 .ult_colorlink'  data-responsive-json-new='{\"font-size\":\"\",\"line-height\":\"\"}'  href=\"https:\/\/dev3.mathlynder.com\/the-culinary-touch\/consulting\/\" title=\"Consulting\"  class=\"ult_colorlink ult-responsive  vc_custom_1608583874592\" style=\"float:left;font-weight:normal; \"  data-textcolor=\"#cc9966\" data-texthover=\"#d58c42\"data-style=\"Style_4\">\n\t\t\t\t\t\t\n\t\t\t\t\t\t<span data-hover=\"D\u00e9couvrir...\" style=\"color:#cc9966;;;\" class=\"ult_btn10_span\">D\u00e9couvrir...<\/span>\n\t\t\t\t\t\t<span class=\"ult_link_btm4\" style=\"border-color:#cc9966;border-bottom-width:1px;border-style:solid;\"><\/span>\n\t\t\t\t\t<\/a>\n\t\t\t\t<\/span>\n\t\t\t<\/span><\/div><\/div><\/div><\/div><\/div><\/section><!-- Row Backgrounds --><div class=\"upb_color\" data-bg-override=\"0\" data-bg-color=\"#d1423f\" data-fadeout=\"\" data-fadeout-percentage=\"30\" data-parallax-content=\"\" data-parallax-content-sense=\"30\" data-row-effect-mobile-disable=\"true\" data-img-parallax-mobile-disable=\"true\" data-rtl=\"false\"  data-custom-vc-row=\"\"  data-vc=\"6.4.2\"  data-is_old_vc=\"\"  data-theme-support=\"\"   data-overlay=\"false\" data-overlay-color=\"\" data-overlay-pattern=\"\" data-overlay-pattern-opacity=\"\" data-overlay-pattern-size=\"\"    ><\/div>","protected":false},"excerpt":{"rendered":"Livraison \u00e0 domicile Livraison de repas hebdomadaire. Il n y a pas un r\u00e9gime alimentaire \u00e0 suivre mais un univers culinaire \u00e0 d\u00e9couvrir. 5Touches propose un service de livraison \u00e0 votre domicile,\u00a0des repas \u00e9tudi\u00e9s pour accompagner vos besoin alimentaires. Le Chef pr\u00e9pare un programme hebdomadaire et vous propose des menus \u00e9quilibr\u00e9s et savoureux. LE CONCEPT...","protected":false},"author":2,"featured_media":0,"parent":3127,"menu_order":0,"comment_status":"closed","ping_status":"closed","template":"","meta":{"footnotes":""},"_links":{"self":[{"href":"https:\/\/old.5touches.com\/en\/wp-json\/wp\/v2\/pages\/3136"}],"collection":[{"href":"https:\/\/old.5touches.com\/en\/wp-json\/wp\/v2\/pages"}],"about":[{"href":"https:\/\/old.5touches.com\/en\/wp-json\/wp\/v2\/types\/page"}],"author":[{"embeddable":true,"href":"https:\/\/old.5touches.com\/en\/wp-json\/wp\/v2\/users\/2"}],"replies":[{"embeddable":true,"href":"https:\/\/old.5touches.com\/en\/wp-json\/wp\/v2\/comments?post=3136"}],"version-history":[{"count":4,"href":"https:\/\/old.5touches.com\/en\/wp-json\/wp\/v2\/pages\/3136\/revisions"}],"predecessor-version":[{"id":3170,"href":"https:\/\/old.5touches.com\/en\/wp-json\/wp\/v2\/pages\/3136\/revisions\/3170"}],"up":[{"embeddable":true,"href":"https:\/\/old.5touches.com\/en\/wp-json\/wp\/v2\/pages\/3127"}],"wp:attachment":[{"href":"https:\/\/old.5touches.com\/en\/wp-json\/wp\/v2\/media?parent=3136"}],"curies":[{"name":"wp","href":"https:\/\/api.w.org\/{rel}","templated":true}]}}